{"id":99,"date":"2022-08-02T11:10:39","date_gmt":"2022-08-02T11:10:39","guid":{"rendered":"https:\/\/ambacamespagne.com\/web\/?page_id=99"},"modified":"2022-11-22T12:16:42","modified_gmt":"2022-11-22T12:16:42","slug":"parques-nacionales","status":"publish","type":"page","link":"https:\/\/ambacamespagne.com\/web\/parques-nacionales\/","title":{"rendered":"Parques Nacionales"},"content":{"rendered":"<p>[et_pb_section fb_built=\u00bb1&#8243; _builder_version=\u00bb4.19.0&#8243; _module_preset=\u00bbdefault\u00bb hover_enabled=\u00bb0&#8243; global_colors_info=\u00bb{}\u00bb theme_builder_area=\u00bbpost_content\u00bb background_enable_color=\u00bboff\u00bb sticky_enabled=\u00bb0&#8243;][et_pb_row column_structure=\u00bb1_2,1_2&#8243; _builder_version=\u00bb4.17.6&#8243; _module_preset=\u00bbdefault\u00bb global_colors_info=\u00bb{}\u00bb theme_builder_area=\u00bbpost_content\u00bb][et_pb_column type=\u00bb1_2&#8243; _builder_version=\u00bb4.17.6&#8243; _module_preset=\u00bbdefault\u00bb global_colors_info=\u00bb{}\u00bb theme_builder_area=\u00bbpost_content\u00bb][et_pb_text _builder_version=\u00bb4.17.6&#8243; _module_preset=\u00bbdefault\u00bb custom_margin=\u00bb||10px||false|false\u00bb global_colors_info=\u00bb{}\u00bb theme_builder_area=\u00bbpost_content\u00bb]<\/p>\n<h3>Camer\u00fan tiene nueve parques nacionales repartidos por el territorio.<\/h3>\n<p>[\/et_pb_text][et_pb_text _builder_version=\u00bb4.17.6&#8243; _module_preset=\u00bbdefault\u00bb global_colors_info=\u00bb{}\u00bb theme_builder_area=\u00bbpost_content\u00bb]<\/p>\n<ul>\n<li><strong>El parque WAZA<\/strong> (170 000 ha) (le\u00f3n, jirafa, elefante, mazorca, avestruz, damalisque, guepardo, waterbuck, etc.). Es el parque m\u00e1s famoso del pa\u00eds y uno de los m\u00e1s espectaculares del \u00c1frica franc\u00f3fona. Ubicado en el extremo norte, es un para\u00edso para los leones, muchos mam\u00edferos pero tambi\u00e9n una gran colonia de p\u00e1jaros. Es un parque para descubrir absolutamente.<\/li>\n<\/ul>\n<ul>\n<li><strong>Parque BOUBA NDJIDAH<\/strong> (220 000 ha) (rinoceronte, le\u00f3n, alce derby, etc.). Ubicado en la regi\u00f3n noreste, es el territorio de los rinocerontes.<\/li>\n<\/ul>\n<ul>\n<li><strong>El parque BENOUE<\/strong> (180 000 ha) (hipop\u00f3tamo, hiena, pantera, etc.). En el centro de la regi\u00f3n norte, es el lugar favorito de los ant\u00edlopes m\u00e1s grandes conocidos, los derby spurs.<\/li>\n<\/ul>\n<ul>\n<li><strong>El parque FARO<\/strong> (300 000 ha) (b\u00fafalos, rinocerontes, bushbuck, etc.). El noroeste de la regi\u00f3n incluye muchos animales grandes.<\/li>\n<\/ul>\n<ul>\n<li><strong>El parque KALAMALOUE<\/strong> (4.500 ha) elefante, aves, cocodrilos, jirafas, muchas aves.<\/li>\n<\/ul>\n<ul>\n<li><strong>El parque de MOZOGO GOKORO<\/strong> (1400 ha) presenta ante todo un inter\u00e9s bot\u00e1nico.<\/li>\n<\/ul>\n<ul>\n<li><strong>El Parque Nacional KORUP<\/strong> est\u00e1 ubicado en la Provincia del Sudoeste. Con una superficie de 1259 km2, es considerado uno de los bosques tropicales m\u00e1s antiguos y bellos del mundo. Korup ha sobrevivido a la edad de hielo, de ah\u00ed la riqueza de su flora y fauna que lo convierten en un para\u00edso para el ecoturismo.<\/li>\n<\/ul>\n<ul>\n<li><strong>LOBEKE Park<\/strong>, una reserva forestal y de vida silvestre, es uno de los pocos santuarios de gorilas en el mundo.<\/li>\n<\/ul>\n<ul>\n<li><strong>El parque CAMPO MA\u2019AN<\/strong> es el hogar de exuberantes elefantes y chimpanc\u00e9s en su h\u00e1bitat natural.<\/li>\n<\/ul>\n<p>[\/et_pb_text][\/et_pb_column][et_pb_column type=\u00bb1_2&#8243; _builder_version=\u00bb4.17.6&#8243; _module_preset=\u00bbdefault\u00bb global_colors_info=\u00bb{}\u00bb theme_builder_area=\u00bbpost_content\u00bb][et_pb_image src=\u00bbhttps:\/\/ambacamespagne.com\/web\/wp-content\/uploads\/2022\/08\/parque-campo-maan.jpg\u00bb title_text=\u00bbparque campo maan\u00bb _builder_version=\u00bb4.17.6&#8243; _module_preset=\u00bbdefault\u00bb global_colors_info=\u00bb{}\u00bb theme_builder_area=\u00bbpost_content\u00bb][\/et_pb_image][\/et_pb_column][\/et_pb_row][\/et_pb_section]<\/p>\n","protected":false},"excerpt":{"rendered":"<p>Camer\u00fan tiene nueve parques nacionales repartidos por el territorio. El parque WAZA (170 000 ha) (le\u00f3n, jirafa, elefante, mazorca, avestruz, damalisque, guepardo, waterbuck, etc.). Es el parque m\u00e1s famoso del pa\u00eds y uno de los m\u00e1s espectaculares del \u00c1frica franc\u00f3fona. Ubicado en el extremo norte, es un para\u00edso para los leones, muchos mam\u00edferos pero tambi\u00e9n [&hellip;]<\/p>\n","protected":false},"author":1,"featured_media":0,"parent":0,"menu_order":0,"comment_status":"closed","ping_status":"closed","template":"","meta":{"_et_pb_use_builder":"on","_et_pb_old_content":"","_et_gb_content_width":"","footnotes":""},"class_list":["post-99","page","type-page","status-publish","hentry"],"_links":{"self":[{"href":"https:\/\/ambacamespagne.com\/web\/wp-json\/wp\/v2\/pages\/99","targetHints":{"allow":["GET"]}}],"collection":[{"href":"https:\/\/ambacamespagne.com\/web\/wp-json\/wp\/v2\/pages"}],"about":[{"href":"https:\/\/ambacamespagne.com\/web\/wp-json\/wp\/v2\/types\/page"}],"author":[{"embeddable":true,"href":"https:\/\/ambacamespagne.com\/web\/wp-json\/wp\/v2\/users\/1"}],"replies":[{"embeddable":true,"href":"https:\/\/ambacamespagne.com\/web\/wp-json\/wp\/v2\/comments?post=99"}],"version-history":[{"count":0,"href":"https:\/\/ambacamespagne.com\/web\/wp-json\/wp\/v2\/pages\/99\/revisions"}],"wp:attachment":[{"href":"https:\/\/ambacamespagne.com\/web\/wp-json\/wp\/v2\/media?parent=99"}],"curies":[{"name":"wp","href":"https:\/\/api.w.org\/{rel}","templated":true}]}}