{"id":67,"date":"2022-08-02T10:40:30","date_gmt":"2022-08-02T10:40:30","guid":{"rendered":"https:\/\/ambacamespagne.com\/web\/?page_id=67"},"modified":"2022-11-22T12:12:42","modified_gmt":"2022-11-22T12:12:42","slug":"artesania","status":"publish","type":"page","link":"https:\/\/ambacamespagne.com\/web\/artesania\/","title":{"rendered":"Artesan\u00eda"},"content":{"rendered":"<p>[et_pb_section fb_built=\u00bb1&#8243; _builder_version=\u00bb4.19.0&#8243; _module_preset=\u00bbdefault\u00bb hover_enabled=\u00bb0&#8243; global_colors_info=\u00bb{}\u00bb theme_builder_area=\u00bbpost_content\u00bb background_enable_color=\u00bboff\u00bb sticky_enabled=\u00bb0&#8243;][et_pb_row column_structure=\u00bb1_2,1_2&#8243; _builder_version=\u00bb4.17.6&#8243; _module_preset=\u00bbdefault\u00bb global_colors_info=\u00bb{}\u00bb theme_builder_area=\u00bbpost_content\u00bb][et_pb_column type=\u00bb1_2&#8243; _builder_version=\u00bb4.17.6&#8243; _module_preset=\u00bbdefault\u00bb global_colors_info=\u00bb{}\u00bb theme_builder_area=\u00bbpost_content\u00bb][et_pb_text _builder_version=\u00bb4.17.6&#8243; _module_preset=\u00bbdefault\u00bb global_colors_info=\u00bb{}\u00bb theme_builder_area=\u00bbpost_content\u00bb]<\/p>\n<p>La <strong>artesan\u00eda de Camer\u00fan<\/strong> extrae su diversidad de la presencia de muchos grupos \u00e9tnicos, lo que le permitir\u00e1 adquirir y dejar en el pa\u00eds <strong>m\u00e1scaras, figuras, estatuillas, cueros, pieles y telas<\/strong> t\u00edpicas.<\/p>\n<p><strong>Recuerde que las obras de arte est\u00e1n prohibidas para la exportaci\u00f3n.<\/strong><\/p>\n<p>[\/et_pb_text][\/et_pb_column][et_pb_column type=\u00bb1_2&#8243; _builder_version=\u00bb4.17.6&#8243; _module_preset=\u00bbdefault\u00bb global_colors_info=\u00bb{}\u00bb theme_builder_area=\u00bbpost_content\u00bb][et_pb_image src=\u00bbhttps:\/\/ambacamespagne.com\/web\/wp-content\/uploads\/2022\/08\/artesania-camerun.jpg\u00bb title_text=\u00bbartesania-camerun\u00bb _builder_version=\u00bb4.17.6&#8243; _module_preset=\u00bbdefault\u00bb global_colors_info=\u00bb{}\u00bb theme_builder_area=\u00bbpost_content\u00bb][\/et_pb_image][\/et_pb_column][\/et_pb_row][\/et_pb_section]<\/p>\n","protected":false},"excerpt":{"rendered":"<p>La artesan\u00eda de Camer\u00fan extrae su diversidad de la presencia de muchos grupos \u00e9tnicos, lo que le permitir\u00e1 adquirir y dejar en el pa\u00eds m\u00e1scaras, figuras, estatuillas, cueros, pieles y telas t\u00edpicas. Recuerde que las obras de arte est\u00e1n prohibidas para la exportaci\u00f3n.<\/p>\n","protected":false},"author":1,"featured_media":0,"parent":0,"menu_order":0,"comment_status":"closed","ping_status":"closed","template":"","meta":{"_et_pb_use_builder":"on","_et_pb_old_content":"","_et_gb_content_width":"","footnotes":""},"class_list":["post-67","page","type-page","status-publish","hentry"],"_links":{"self":[{"href":"https:\/\/ambacamespagne.com\/web\/wp-json\/wp\/v2\/pages\/67","targetHints":{"allow":["GET"]}}],"collection":[{"href":"https:\/\/ambacamespagne.com\/web\/wp-json\/wp\/v2\/pages"}],"about":[{"href":"https:\/\/ambacamespagne.com\/web\/wp-json\/wp\/v2\/types\/page"}],"author":[{"embeddable":true,"href":"https:\/\/ambacamespagne.com\/web\/wp-json\/wp\/v2\/users\/1"}],"replies":[{"embeddable":true,"href":"https:\/\/ambacamespagne.com\/web\/wp-json\/wp\/v2\/comments?post=67"}],"version-history":[{"count":0,"href":"https:\/\/ambacamespagne.com\/web\/wp-json\/wp\/v2\/pages\/67\/revisions"}],"wp:attachment":[{"href":"https:\/\/ambacamespagne.com\/web\/wp-json\/wp\/v2\/media?parent=67"}],"curies":[{"name":"wp","href":"https:\/\/api.w.org\/{rel}","templated":true}]}}