{"id":47,"date":"2022-08-02T08:42:34","date_gmt":"2022-08-02T08:42:34","guid":{"rendered":"https:\/\/ambacamespagne.com\/web\/?page_id=47"},"modified":"2023-04-14T11:00:45","modified_gmt":"2023-04-14T11:00:45","slug":"certificados","status":"publish","type":"page","link":"https:\/\/ambacamespagne.com\/web\/certificados\/","title":{"rendered":"Certificados"},"content":{"rendered":"<p>[et_pb_section fb_built=\u00bb1&#8243; _builder_version=\u00bb4.20.4&#8243; _module_preset=\u00bbdefault\u00bb global_colors_info=\u00bb{}\u00bb theme_builder_area=\u00bbpost_content\u00bb][et_pb_row _builder_version=\u00bb4.20.4&#8243; _module_preset=\u00bbdefault\u00bb global_colors_info=\u00bb{}\u00bb theme_builder_area=\u00bbpost_content\u00bb][et_pb_column type=\u00bb4_4&#8243; _builder_version=\u00bb4.20.4&#8243; _module_preset=\u00bbdefault\u00bb global_colors_info=\u00bb{}\u00bb theme_builder_area=\u00bbpost_content\u00bb][et_pb_blurb title=\u00bbCERTIFICADOS\u00bb image=\u00bbdata:image\/svg+xml;base64,PHN2ZyB3aWR0aD0iMTA4MCIgaGVpZ2h0PSI1NDAiIHZpZXdCb3g9IjAgMCAxMDgwIDU0MCIgeG1sbnM9Imh0dHA6Ly93d3cudzMub3JnLzIwMDAvc3ZnIj4KICAgIDxnIGZpbGw9Im5vbmUiIGZpbGwtcnVsZT0iZXZlbm9kZCI+CiAgICAgICAgPHBhdGggZmlsbD0iI0VCRUJFQiIgZD0iTTAgMGgxMDgwdjU0MEgweiIvPgogICAgICAgIDxwYXRoIGQ9Ik00NDUuNjQ5IDU0MGgtOTguOTk1TDE0NC42NDkgMzM3Ljk5NSAwIDQ4Mi42NDR2LTk4Ljk5NWwxMTYuMzY1LTExNi4zNjVjMTUuNjItMTUuNjIgNDAuOTQ3LTE1LjYyIDU2LjU2OCAwTDQ0NS42NSA1NDB6IiBmaWxsLW9wYWNpdHk9Ii4xIiBmaWxsPSIjMDAwIiBmaWxsLXJ1bGU9Im5vbnplcm8iLz4KICAgICAgICA8Y2lyY2xlIGZpbGwtb3BhY2l0eT0iLjA1IiBmaWxsPSIjMDAwIiBjeD0iMzMxIiBjeT0iMTQ4IiByPSI3MCIvPgogICAgICAgIDxwYXRoIGQ9Ik0xMDgwIDM3OXYxMTMuMTM3TDcyOC4xNjIgMTQwLjMgMzI4LjQ2MiA1NDBIMjE1LjMyNEw2OTkuODc4IDU1LjQ0NmMxNS42Mi0xNS42MiA0MC45NDgtMTUuNjIgNTYuNTY4IDBMMTA4MCAzNzl6IiBmaWxsLW9wYWNpdHk9Ii4yIiBmaWxsPSIjMDAwIiBmaWxsLXJ1bGU9Im5vbnplcm8iLz4KICAgIDwvZz4KPC9zdmc+Cg==\u00bb _builder_version=\u00bb4.20.4&#8243; _module_preset=\u00bbdefault\u00bb hover_enabled=\u00bb0&#8243; global_colors_info=\u00bb{}\u00bb theme_builder_area=\u00bbpost_content\u00bb sticky_enabled=\u00bb0&#8243; min_height=\u00bb698.2px\u00bb]<\/p>\n<p>TODOS LES CERTIFICADOS TIENEN UN COSTE DE\u00a0 10\u20ac<\/p>\n<p>&#8211; BUENA CONDUCTA<\/p>\n<p>&#8211; SOLTERIA (PRESENTAR UN CERTIFICADO DE SOLTERIA DE CAMER\u00d9N)<\/p>\n<p>&#8211; DE DEPENDENCIA ECONOMICA<\/p>\n<p>-PUBLICACI\u00d3N DE MATRIMONIO (FOTOCOPIA PASAPORTE)<\/p>\n<p>-CAPACIDAD MATRIMONIAL (FOTOCOPIA PASAPORTE)<\/p>\n<p>&#8211; INSCRIPCI\u00d3N CONSULAR ( FOTOCOPIA TARJETA CONSULAR)<\/p>\n<p>-SIN REGISTRO CONSULAR (FOTOCOPIA PASAPORTE)<\/p>\n<p>-PARTIDA DE NACIMIENTO ( CERTIFICADO LITERAL REGISTRO CIVIL ESPA\u00d1OL)<\/p>\n<p>-CONTINUACI\u00d3N DEL MATRIMONIO<\/p>\n<p>-PARTIDA DE MATRIMONIO<\/p>\n<p>-FE DE VIDA<\/p>\n<p>-DE BIENES<\/p>\n<p style=\"text-align: center;\">&#8211; DE COSTUMBRE (PRESENTAR CERTIFICADO DE NACIMIENTO DEL HOSPITAL)<\/p>\n<p>&#8211; DE DESEMPLEADOS EN CAMER\u00daN<\/p>\n<p>-DE SIN BECA EN CAMER\u00daN<\/p>\n<p>&nbsp;<\/p>\n<p>[\/et_pb_blurb][\/et_pb_column][\/et_pb_row][\/et_pb_section]<\/p>\n","protected":false},"excerpt":{"rendered":"<p>TODOS LES CERTIFICADOS TIENEN UN COSTE DE\u00a0 10\u20ac &#8211; BUENA CONDUCTA &#8211; SOLTERIA (PRESENTAR UN CERTIFICADO DE SOLTERIA DE CAMER\u00d9N) &#8211; DE DEPENDENCIA ECONOMICA -PUBLICACI\u00d3N DE MATRIMONIO (FOTOCOPIA PASAPORTE) -CAPACIDAD MATRIMONIAL (FOTOCOPIA PASAPORTE) &#8211; INSCRIPCI\u00d3N CONSULAR ( FOTOCOPIA TARJETA CONSULAR) -SIN REGISTRO CONSULAR (FOTOCOPIA PASAPORTE) -PARTIDA DE NACIMIENTO ( CERTIFICADO LITERAL REGISTRO CIVIL ESPA\u00d1OL) -CONTINUACI\u00d3N [&hellip;]<\/p>\n","protected":false},"author":1,"featured_media":0,"parent":0,"menu_order":0,"comment_status":"closed","ping_status":"closed","template":"","meta":{"_et_pb_use_builder":"on","_et_pb_old_content":"","_et_gb_content_width":"","footnotes":""},"class_list":["post-47","page","type-page","status-publish","hentry"],"_links":{"self":[{"href":"https:\/\/ambacamespagne.com\/web\/wp-json\/wp\/v2\/pages\/47","targetHints":{"allow":["GET"]}}],"collection":[{"href":"https:\/\/ambacamespagne.com\/web\/wp-json\/wp\/v2\/pages"}],"about":[{"href":"https:\/\/ambacamespagne.com\/web\/wp-json\/wp\/v2\/types\/page"}],"author":[{"embeddable":true,"href":"https:\/\/ambacamespagne.com\/web\/wp-json\/wp\/v2\/users\/1"}],"replies":[{"embeddable":true,"href":"https:\/\/ambacamespagne.com\/web\/wp-json\/wp\/v2\/comments?post=47"}],"version-history":[{"count":0,"href":"https:\/\/ambacamespagne.com\/web\/wp-json\/wp\/v2\/pages\/47\/revisions"}],"wp:attachment":[{"href":"https:\/\/ambacamespagne.com\/web\/wp-json\/wp\/v2\/media?parent=47"}],"curies":[{"name":"wp","href":"https:\/\/api.w.org\/{rel}","templated":true}]}}