{"id":41,"date":"2022-08-02T08:41:41","date_gmt":"2022-08-02T08:41:41","guid":{"rendered":"https:\/\/ambacamespagne.com\/web\/?page_id=41"},"modified":"2023-02-15T10:21:36","modified_gmt":"2023-02-15T10:21:36","slug":"pasaporte","status":"publish","type":"page","link":"https:\/\/ambacamespagne.com\/web\/pasaporte\/","title":{"rendered":"Pasaporte"},"content":{"rendered":"<p>[et_pb_section fb_built=\u00bb1&#8243; _builder_version=\u00bb4.19.0&#8243; _module_preset=\u00bbdefault\u00bb background_enable_color=\u00bboff\u00bb global_colors_info=\u00bb{}\u00bb theme_builder_area=\u00bbpost_content\u00bb][et_pb_row column_structure=\u00bb1_2,1_2&#8243; _builder_version=\u00bb4.17.6&#8243; _module_preset=\u00bbdefault\u00bb global_colors_info=\u00bb{}\u00bb theme_builder_area=\u00bbpost_content\u00bb][et_pb_column type=\u00bb1_2&#8243; _builder_version=\u00bb4.17.6&#8243; _module_preset=\u00bbdefault\u00bb global_colors_info=\u00bb{}\u00bb theme_builder_area=\u00bbpost_content\u00bb][et_pb_image src=\u00bbhttps:\/\/ambacamespagne.com\/web\/wp-content\/uploads\/2022\/08\/pasaporte-embajada-camerun-1.jpg\u00bb title_text=\u00bbpasaporte embajada camerun (1)\u00bb show_in_lightbox=\u00bbon\u00bb use_overlay=\u00bbon\u00bb align=\u00bbcenter\u00bb _builder_version=\u00bb4.17.6&#8243; _module_preset=\u00bbdefault\u00bb global_colors_info=\u00bb{}\u00bb theme_builder_area=\u00bbpost_content\u00bb][\/et_pb_image][\/et_pb_column][et_pb_column type=\u00bb1_2&#8243; _builder_version=\u00bb4.17.6&#8243; _module_preset=\u00bbdefault\u00bb global_colors_info=\u00bb{}\u00bb theme_builder_area=\u00bbpost_content\u00bb][et_pb_image src=\u00bbhttps:\/\/ambacamespagne.com\/web\/wp-content\/uploads\/2022\/08\/pasaporte-embajada-camerun-2.jpg\u00bb title_text=\u00bbpasaporte embajada camerun (2)\u00bb show_in_lightbox=\u00bbon\u00bb use_overlay=\u00bbon\u00bb align=\u00bbcenter\u00bb _builder_version=\u00bb4.17.6&#8243; _module_preset=\u00bbdefault\u00bb global_colors_info=\u00bb{}\u00bb theme_builder_area=\u00bbpost_content\u00bb][\/et_pb_image][\/et_pb_column][\/et_pb_row][et_pb_row column_structure=\u00bb1_2,1_2&#8243; _builder_version=\u00bb4.17.6&#8243; _module_preset=\u00bbdefault\u00bb global_colors_info=\u00bb{}\u00bb theme_builder_area=\u00bbpost_content\u00bb][et_pb_column type=\u00bb1_2&#8243; _builder_version=\u00bb4.17.6&#8243; _module_preset=\u00bbdefault\u00bb global_colors_info=\u00bb{}\u00bb theme_builder_area=\u00bbpost_content\u00bb][et_pb_image src=\u00bbhttps:\/\/ambacamespagne.com\/web\/wp-content\/uploads\/2022\/08\/pasaporte-embajada-camerun-3.jpg\u00bb title_text=\u00bbpasaporte embajada camerun (3)\u00bb show_in_lightbox=\u00bbon\u00bb use_overlay=\u00bbon\u00bb align=\u00bbcenter\u00bb _builder_version=\u00bb4.17.6&#8243; _module_preset=\u00bbdefault\u00bb global_colors_info=\u00bb{}\u00bb theme_builder_area=\u00bbpost_content\u00bb][\/et_pb_image][\/et_pb_column][et_pb_column type=\u00bb1_2&#8243; _builder_version=\u00bb4.17.6&#8243; _module_preset=\u00bbdefault\u00bb global_colors_info=\u00bb{}\u00bb theme_builder_area=\u00bbpost_content\u00bb][et_pb_image src=\u00bbhttps:\/\/ambacamespagne.com\/web\/wp-content\/uploads\/2022\/08\/pasaporte-embajada-camerun-4.jpg\u00bb title_text=\u00bbpasaporte embajada camerun (4)\u00bb show_in_lightbox=\u00bbon\u00bb use_overlay=\u00bbon\u00bb align=\u00bbcenter\u00bb _builder_version=\u00bb4.17.6&#8243; _module_preset=\u00bbdefault\u00bb global_colors_info=\u00bb{}\u00bb theme_builder_area=\u00bbpost_content\u00bb][\/et_pb_image][\/et_pb_column][\/et_pb_row][et_pb_row column_structure=\u00bb1_2,1_2&#8243; _builder_version=\u00bb4.17.6&#8243; _module_preset=\u00bbdefault\u00bb global_colors_info=\u00bb{}\u00bb theme_builder_area=\u00bbpost_content\u00bb][et_pb_column type=\u00bb1_2&#8243; _builder_version=\u00bb4.17.6&#8243; _module_preset=\u00bbdefault\u00bb global_colors_info=\u00bb{}\u00bb theme_builder_area=\u00bbpost_content\u00bb][et_pb_image src=\u00bbhttps:\/\/ambacamespagne.com\/web\/wp-content\/uploads\/2022\/08\/pasaporte-embajada-camerun-5.jpg\u00bb title_text=\u00bbpasaporte embajada camerun (5)\u00bb show_in_lightbox=\u00bbon\u00bb use_overlay=\u00bbon\u00bb align=\u00bbcenter\u00bb _builder_version=\u00bb4.17.6&#8243; _module_preset=\u00bbdefault\u00bb global_colors_info=\u00bb{}\u00bb theme_builder_area=\u00bbpost_content\u00bb][\/et_pb_image][\/et_pb_column][et_pb_column type=\u00bb1_2&#8243; _builder_version=\u00bb4.17.6&#8243; _module_preset=\u00bbdefault\u00bb global_colors_info=\u00bb{}\u00bb theme_builder_area=\u00bbpost_content\u00bb][\/et_pb_column][\/et_pb_row][et_pb_row _builder_version=\u00bb4.17.6&#8243; _module_preset=\u00bbdefault\u00bb global_colors_info=\u00bb{}\u00bb theme_builder_area=\u00bbpost_content\u00bb][et_pb_column type=\u00bb4_4&#8243; _builder_version=\u00bb4.17.6&#8243; _module_preset=\u00bbdefault\u00bb global_colors_info=\u00bb{}\u00bb theme_builder_area=\u00bbpost_content\u00bb][et_pb_divider _builder_version=\u00bb4.17.6&#8243; _module_preset=\u00bbdefault\u00bb global_colors_info=\u00bb{}\u00bb theme_builder_area=\u00bbpost_content\u00bb][\/et_pb_divider][et_pb_text _builder_version=\u00bb4.17.6&#8243; _module_preset=\u00bbdefault\u00bb global_colors_info=\u00bb{}\u00bb theme_builder_area=\u00bbpost_content\u00bb]<\/p>\n<h2 style=\"text-align: center;\">Pasaportes<\/h2>\n<p>[\/et_pb_text][et_pb_image src=\u00bbhttps:\/\/ambacamespagne.com\/web\/wp-content\/uploads\/2022\/11\/Passport.png\u00bb title_text=\u00bbPassport\u00bb url=\u00bbhttps:\/\/passcam.cm\/\u00bb url_new_window=\u00bbon\u00bb align=\u00bbcenter\u00bb _builder_version=\u00bb4.19.0&#8243; _module_preset=\u00bbdefault\u00bb max_width=\u00bb300px\u00bb module_alignment=\u00bbcenter\u00bb custom_margin=\u00bb||10px||false|false\u00bb global_colors_info=\u00bb{}\u00bb theme_builder_area=\u00bbpost_content\u00bb][\/et_pb_image][et_pb_text _builder_version=\u00bb4.19.0&#8243; _module_preset=\u00bbdefault\u00bb global_colors_info=\u00bb{}\u00bb theme_builder_area=\u00bbpost_content\u00bb]<\/p>\n<p style=\"text-align: center;\"><strong><a href=\"https:\/\/passcam.cm\/\" target=\"_blank\" rel=\"noopener\">https:\/\/passcam.cm\/<\/a><\/strong><\/p>\n<p>[\/et_pb_text][et_pb_text _builder_version=\u00bb4.17.6&#8243; _module_preset=\u00bbdefault\u00bb global_colors_info=\u00bb{}\u00bb theme_builder_area=\u00bbpost_content\u00bb]<\/p>\n<h3>T\u00c9RMINOS<\/h3>\n<ul>\n<li>3 fotocopias del certificado de nacimiento y traer el original.<\/li>\n<li>2 fotocopias del pasaporte (la p\u00e1gina de identidad).<\/li>\n<li>2 copias completadas del formulario de solicitud de pasaporte.<\/li>\n<li>1 fotocopia certificada del certificado de nacimiento de la persona que solicita el pasaporte (legible por m\u00e1quina) por primera vez.<\/li>\n<li><strong>NB:<\/strong> la certificaci\u00f3n debe hacerse en el Ministerio de Asuntos Exteriores de Camer\u00fan.<\/li>\n<\/ul>\n<ul>\n<li><strong>Gastos de pasaporte<\/strong>:\u00a0 \u20ac<\/li>\n<\/ul>\n<ul>\n<li>D\u00edas de presentaci\u00f3n de las solicitudes de pasaportes: <strong>martes, mi\u00e9rcoles y jueves con cita previa solicitada con\u00a0una semana de anticipaci\u00f3n<\/strong><\/li>\n<\/ul>\n<p>[\/et_pb_text][et_pb_text _builder_version=\u00bb4.19.5&#8243; _module_preset=\u00bbdefault\u00bb hover_enabled=\u00bb0&#8243; global_colors_info=\u00bb{}\u00bb theme_builder_area=\u00bbpost_content\u00bb sticky_enabled=\u00bb0&#8243;]<\/p>\n<div class=\"passport-details\">\n<h1 class=\"large-text\"><span>Pasaporte\u00a0<\/span><span class=\"bold\"><span>Ordinario<\/span><\/span><\/h1>\n<p>&nbsp;<\/p>\n<p><span>El pasaporte ordinario es un documento de viaje emitido por la Delegaci\u00f3n General para la Seguridad Nacional (DGSN) disponible para todos los ciudadanos cameruneses que lo soliciten.<\/span><br \/><span>Para solicitar un pasaporte ordinario, el solicitante primero debe preinscribirse en el portal en l\u00ednea.<\/span><br \/><span>Una vez finalizado el proceso de preinscripci\u00f3n, se crea una ficha informativa.\u00a0Debe utilizarse durante el procedimiento de matriculaci\u00f3n en el centro elegido.<\/span><\/p>\n<p>&nbsp;<\/p>\n<\/div>\n<p>&nbsp;<\/p>\n<h2><span class=\"bold\"><span>Primera<\/span><\/span><span>\u00a0solicitud de pasaporte<\/span><\/h2>\n<h2><span class=\"bold\"><span>Ciudadano camerun\u00e9s residente en Camer\u00fan<\/span><\/span><\/h2>\n<div class=\"block\">\n<h3><span>Justificantes a aportar por tipo de solicitud:<\/span><\/h3>\n<h3><span>Solicitante menor de 15 a\u00f1os<\/span><\/h3>\n<ul class=\"blue-ico\">\n<li><span>el recibo impreso durante la fase de preinscripci\u00f3n<\/span><\/li>\n<li><span>una fotocopia compulsada del acta de nacimiento<\/span><\/li>\n<li><span>prueba de la profesi\u00f3n del ni\u00f1o, en su caso<\/span><\/li>\n<li><span>autorizaci\u00f3n parental de uno de los padres, o del tutor legal o titular de un poder notarial debidamente legalizado<\/span><\/li>\n<li><span>una fotocopia compulsada del Documento Nacional de Identidad (CNI) de uno de los padres, del tutor legal o del apoderado que pueda actuar en lugar de los padres<\/span><\/li>\n<\/ul>\n<\/div>\n<div class=\"block\">\n<h3><span>Solicitante menor de 15 a 21 a\u00f1os<\/span><\/h3>\n<ul class=\"blue-ico\">\n<li><span>el recibo impreso durante la fase de preinscripci\u00f3n<\/span><\/li>\n<li><span>una fotocopia compulsada del acta de nacimiento<\/span><\/li>\n<li><span>una fotocopia compulsada del CNI<\/span><\/li>\n<li><span>prueba de la profesi\u00f3n del ni\u00f1o, en su caso<\/span><\/li>\n<li><span>autorizaci\u00f3n paterna de uno de los padres o tutor legal o titular de un poder notarial debidamente legalizado<\/span><\/li>\n<li><span>una fotocopia compulsada del CNI de uno de los padres, del tutor legal o del titular de un poder para actuar en lugar de los padres o del tutor legal<\/span><\/li>\n<\/ul>\n<\/div>\n<h3><span>Caso de un menor casado<\/span><\/h3>\n<ul class=\"blue-ico\">\n<li><span>el recibo impreso durante la fase de preinscripci\u00f3n<\/span><\/li>\n<li><span>una fotocopia compulsada de su acta de nacimiento<\/span><\/li>\n<li><span>una fotocopia compulsada de su CNI<\/span><\/li>\n<li><span>prueba de profesi\u00f3n, si corresponde<\/span><\/li>\n<\/ul>\n<p><span>\u00a0<\/span><\/p>\n<h3><span>Solicitante menor emancipado a ra\u00edz de una decisi\u00f3n judicial<\/span><\/h3>\n<ul class=\"blue-ico\">\n<li><span>el recibo impreso durante la fase de preinscripci\u00f3n<\/span><\/li>\n<li><span>una fotocopia compulsada del acta de nacimiento<\/span><\/li>\n<li><span>una fotocopia compulsada del CNI<\/span><\/li>\n<li><span>prueba de la profesi\u00f3n del ni\u00f1o, en su caso<\/span><\/li>\n<li><span>una fotocopia compulsada del CNI de uno de los padres, del tutor legal o del titular de un poder para actuar en lugar de los padres o del tutor legal<\/span><\/li>\n<li><span>una copia de la decisi\u00f3n judicial<\/span><\/li>\n<\/ul>\n<div class=\"block\">\n<h3><span>Solicitantes mayores de 21 a\u00f1os<\/span><\/h3>\n<ul class=\"blue-ico\">\n<li><span>el recibo impreso durante la fase de preinscripci\u00f3n<\/span><\/li>\n<li><span>una fotocopia compulsada del acta de nacimiento<\/span><\/li>\n<li><span>una fotocopia compulsada del Documento Nacional de Identidad<\/span><\/li>\n<li><span>prueba de la profesi\u00f3n o cualquier ocupaci\u00f3n socio-profesional, en su caso<\/span><\/li>\n<\/ul>\n<\/div>\n<div class=\"block\">\n<h3><span>Mujeres casadas mayores de 21<\/span><\/h3>\n<ul class=\"blue-ico\">\n<li><span>el recibo impreso durante la fase de preinscripci\u00f3n<\/span><\/li>\n<li><span>una fotocopia compulsada del acta de nacimiento<\/span><\/li>\n<li><span>una fotocopia compulsada del CNI<\/span><\/li>\n<li><span>prueba de profesi\u00f3n, si corresponde<\/span><\/li>\n<li><span>una fotocopia compulsada del acta de matrimonio<\/span><\/li>\n<\/ul>\n<h3><span>Solicitante mayor de 50 a\u00f1os<\/span><\/h3>\n<ul class=\"blue-ico\">\n<li><span>fotocopia compulsada por CNI<\/span><\/li>\n<li><span>Copia certificada del acta de matrimonio de la mujer casada, si corresponde<\/span><\/li>\n<li><span>Prueba de profesi\u00f3n si corresponde<\/span><\/li>\n<\/ul>\n<\/div>\n<div class=\"block\"><\/div>\n<div class=\"block\">\u00a0<\/div>\n<div class=\"block\">\n<h2><span class=\"bold\"><span>ciudadano camerun\u00e9s residente en el extranjero<\/span><\/span><\/h2>\n<\/div>\n<div class=\"block\">\n<h3><span>Solicitante menor de 15 a\u00f1os<\/span><\/h3>\n<ul class=\"blue-ico\">\n<li><span>el recibo impreso durante la fase de preinscripci\u00f3n<\/span><\/li>\n<li><span>una fotocopia compulsada del acta de nacimiento<\/span><\/li>\n<li><span>fotocopia compulsada de su Documento Nacional de Identidad, en su caso, de su residencia o tarjeta de residencia<\/span><\/li>\n<li><span>prueba de la profesi\u00f3n del ni\u00f1o, en su caso<\/span><\/li>\n<li><span>autorizaci\u00f3n paterna de uno de los padres o tutor legal o titular de un poder notarial debidamente legalizado<\/span><\/li>\n<\/ul>\n<\/div>\n<div class=\"block\">\n<h3><span>Solicitante menor de 15 a 21 a\u00f1os<\/span><\/h3>\n<ul class=\"blue-ico\">\n<li><span>el recibo impreso durante la fase de preinscripci\u00f3n<\/span><\/li>\n<li><span>una fotocopia compulsada del acta de nacimiento<\/span><\/li>\n<li><span>fotocopia compulsada de su Documento Nacional de Identidad, en su caso, de su residencia o tarjeta de residencia<\/span><\/li>\n<li><span>prueba de la profesi\u00f3n del ni\u00f1o, en su caso<\/span><\/li>\n<li><span>autorizaci\u00f3n parental de uno de los padres o tutor legal o del titular de un poder notarial debidamente legalizado<\/span><\/li>\n<li><span>una fotocopia compulsada del CNI de uno de los padres o de su pasaporte en caso de que su CNI haya caducado o del tutor legal o cualquier titular de un poder que deba actuar en lugar de uno de los padres<\/span><\/li>\n<\/ul>\n<h3><span>Solicitantes menores de edad emancipados<\/span><\/h3>\n<ul class=\"blue-ico\">\n<li><span>el recibo impreso durante la fase de preinscripci\u00f3n<\/span><\/li>\n<li><span>fotocopia compulsada de su Documento Nacional de Identidad, en su caso, de su residencia o tarjeta de residencia<\/span><\/li>\n<li><span>prueba de estatus social, si corresponde<\/span><\/li>\n<li><span>una fotocopia del certificado de matrimonio o del documento legal de emancipaci\u00f3n<\/span><\/li>\n<\/ul>\n<\/div>\n<div class=\"block\">\n<h3><span>Solicitante mayor de 21 a\u00f1os<\/span><\/h3>\n<ul class=\"blue-ico\">\n<li><span>el recibo impreso durante la fase de preinscripci\u00f3n<\/span><\/li>\n<li><span>una fotocopia compulsada del acta de nacimiento<\/span><\/li>\n<li><span>fotocopia compulsada del CNI, en su caso, de su residencia o tarjeta de residencia<\/span><\/li>\n<li><span>prueba de profesi\u00f3n, si corresponde<\/span><\/li>\n<li><span>fotocopia de la residencia o tarjeta de residencia, o cualquier otro documento sustitutivo<\/span><\/li>\n<\/ul>\n<\/div>\n<div class=\"block\">\n<h3><span>Mujeres casadas mayores de 21<\/span><\/h3>\n<ul class=\"blue-ico\">\n<li><span>el recibo impreso durante la fase de preinscripci\u00f3n<\/span><\/li>\n<li><span>una fotocopia compulsada del acta de nacimiento<\/span><\/li>\n<li><span>fotocopia compulsada del CNI, en su caso de la tarjeta consular<\/span><\/li>\n<li><span>prueba de profesi\u00f3n, si corresponde<\/span><\/li>\n<li><span>una fotocopia compulsada del acta de matrimonio de la mujer casada<\/span><\/li>\n<li><span>fotocopia de la residencia o tarjeta de residencia, o cualquier otro documento sustitutivo<\/span><\/li>\n<\/ul>\n<\/div>\n<div class=\"block\"><\/div>\n<div class=\"block\"><\/div>\n<div class=\"block\">\n<h2><b><span>Renovaci\u00f3n de pasaporte ordinario seg\u00fan el caso<\/span><\/b><\/h2>\n<\/div>\n<div class=\"block\">\n<h2><span>Casos de renovaci\u00f3n<\/span><\/h2>\n<ul class=\"blue-ico\">\n<li><span>Deterioro, Caducidad, Pasaporte lleno<\/span><\/li>\n<li><span>p\u00e9rdida o robo<\/span><\/li>\n<li><span>Cambio de parentesco<\/span><\/li>\n<li><span>Cambio de nombre<\/span><\/li>\n<li><span>Correcci\u00f3n<\/span><\/li>\n<\/ul>\n<\/div>\n<div class=\"block\">\n<h3><span>Deterioro, Caducidad, Pasaporte lleno<\/span><\/h3>\n<ul class=\"blue-ico\">\n<li><span>el recibo impreso durante la fase de preinscripci\u00f3n<\/span><\/li>\n<li><span>pasaporte anterior<\/span><\/li>\n<li><span>prueba de profesi\u00f3n, si corresponde<\/span><\/li>\n<li><span>una fotocopia compulsada del acta de matrimonio, en su caso<\/span><\/li>\n<li><span>fotocopia compulsada del CNI<\/span><\/li>\n<li><span>fotocopia compulsada del acta de nacimiento para solicitantes menores de 50 a\u00f1os<\/span><\/li>\n<\/ul>\n<h3><span>P\u00e9rdida, Robo<\/span><\/h3>\n<ul class=\"blue-ico\">\n<li><span>el recibo impreso durante la fase de preinscripci\u00f3n<\/span><\/li>\n<li><span>una fotocopia del pasaporte anterior<\/span><\/li>\n<li><span>el certificado de declaraci\u00f3n de p\u00e9rdida o robo, incluido el n\u00famero del pasaporte robado o perdido<\/span><\/li>\n<li><span>prueba de profesi\u00f3n, si corresponde<\/span><\/li>\n<li><span>una fotocopia compulsada del acta de matrimonio, en su caso<\/span><\/li>\n<li><span>fotocopia compulsada del CNI<\/span><\/li>\n<li><span>fotocopia compulsada del acta de nacimiento para solicitantes menores de 50 a\u00f1os<\/span><\/li>\n<\/ul>\n<h3><span>Cambio de parentesco<\/span><\/h3>\n<ul class=\"blue-ico\">\n<li><span>el recibo impreso durante la fase de preinscripci\u00f3n<\/span><\/li>\n<li><span>pasaporte anterior<\/span><\/li>\n<li><span>una fotocopia compulsada del acta de nacimiento<\/span><\/li>\n<li><span>prueba de profesi\u00f3n, si corresponde<\/span><\/li>\n<li><span>una fotocopia compulsada del acta de matrimonio, en su caso<\/span><\/li>\n<li><span>fotocopia compulsada del CNI<\/span><\/li>\n<li><span>fotocopia compulsada del acta de nacimiento para solicitantes menores de 50 a\u00f1os<\/span><\/li>\n<\/ul>\n<h3><span>Cambio de nombre<\/span><\/h3>\n<ul class=\"blue-ico\">\n<li><span>el recibo impreso durante la fase de preinscripci\u00f3n<\/span><\/li>\n<li><span>pasaporte anterior<\/span><\/li>\n<li><span>una fotocopia compulsada del acta de nacimiento<\/span><\/li>\n<li><span>prueba de profesi\u00f3n, si corresponde<\/span><\/li>\n<li><span>prueba de cambio de nombre<\/span><\/li>\n<li><span>fotocopia compulsada del CNI<\/span><\/li>\n<\/ul>\n<h3><span>Correcci\u00f3n<\/span><\/h3>\n<ul class=\"blue-ico\">\n<li><span>el recibo impreso durante la fase de preinscripci\u00f3n<\/span><\/li>\n<li><span>pasaporte anterior<\/span><\/li>\n<li><span>una fotocopia compulsada del acta de nacimiento<\/span><\/li>\n<li><span>prueba de profesi\u00f3n, si corresponde<\/span><\/li>\n<li><span>prueba de correcci\u00f3n<\/span><\/li>\n<li><span>fotocopia compulsada del CNI<\/span><\/li>\n<\/ul>\n<\/div>\n<p>[\/et_pb_text][et_pb_text _builder_version=\u00bb4.17.6&#8243; _module_preset=\u00bbdefault\u00bb custom_margin=\u00bb||10px||false|false\u00bb global_colors_info=\u00bb{}\u00bb theme_builder_area=\u00bbpost_content\u00bb]<\/p>\n<h3 style=\"text-align: center;\">Formulario de solicitud para nuevos pasaportes<\/h3>\n<p>[\/et_pb_text][et_pb_text _builder_version=\u00bb4.19.0&#8243; _module_preset=\u00bbdefault\u00bb global_colors_info=\u00bb{}\u00bb theme_builder_area=\u00bbpost_content\u00bb]<\/p>\n<p style=\"text-align: center;\"><strong><a href=\"https:\/\/passcam.cm\/\" target=\"_blank\" rel=\"noopener\">https:\/\/passcam.cm\/<\/a><\/strong><\/p>\n<p>[\/et_pb_text][\/et_pb_column][\/et_pb_row][\/et_pb_section]<\/p>\n","protected":false},"excerpt":{"rendered":"<p>Pasaporteshttps:\/\/passcam.cm\/T\u00c9RMINOS 3 fotocopias del certificado de nacimiento y traer el original. 2 fotocopias del pasaporte (la p\u00e1gina de identidad). 2 copias completadas del formulario de solicitud de pasaporte. 1 fotocopia certificada del certificado de nacimiento de la persona que solicita el pasaporte (legible por m\u00e1quina) por primera vez. NB: la certificaci\u00f3n debe hacerse en el [&hellip;]<\/p>\n","protected":false},"author":1,"featured_media":0,"parent":0,"menu_order":0,"comment_status":"closed","ping_status":"closed","template":"","meta":{"_et_pb_use_builder":"on","_et_pb_old_content":"","_et_gb_content_width":"","footnotes":""},"class_list":["post-41","page","type-page","status-publish","hentry"],"_links":{"self":[{"href":"https:\/\/ambacamespagne.com\/web\/wp-json\/wp\/v2\/pages\/41","targetHints":{"allow":["GET"]}}],"collection":[{"href":"https:\/\/ambacamespagne.com\/web\/wp-json\/wp\/v2\/pages"}],"about":[{"href":"https:\/\/ambacamespagne.com\/web\/wp-json\/wp\/v2\/types\/page"}],"author":[{"embeddable":true,"href":"https:\/\/ambacamespagne.com\/web\/wp-json\/wp\/v2\/users\/1"}],"replies":[{"embeddable":true,"href":"https:\/\/ambacamespagne.com\/web\/wp-json\/wp\/v2\/comments?post=41"}],"version-history":[{"count":0,"href":"https:\/\/ambacamespagne.com\/web\/wp-json\/wp\/v2\/pages\/41\/revisions"}],"wp:attachment":[{"href":"https:\/\/ambacamespagne.com\/web\/wp-json\/wp\/v2\/media?parent=41"}],"curies":[{"name":"wp","href":"https:\/\/api.w.org\/{rel}","templated":true}]}}