{"id":2280,"date":"2022-08-02T08:41:34","date_gmt":"2022-08-02T08:41:34","guid":{"rendered":"https:\/\/ambacamespagne.com\/web\/visado\/"},"modified":"2023-05-05T14:18:36","modified_gmt":"2023-05-05T14:18:36","slug":"visa","status":"publish","type":"page","link":"https:\/\/ambacamespagne.com\/web\/fr\/visa\/","title":{"rendered":"Visa"},"content":{"rendered":"<p>[et_pb_section fb_built=\u00a0\u00bb1&Prime; _builder_version=\u00a0\u00bb4.19.0&Prime; _module_preset=\u00a0\u00bbdefault\u00a0\u00bb background_enable_color=\u00a0\u00bboff\u00a0\u00bb global_colors_info=\u00a0\u00bb{}\u00a0\u00bb theme_builder_area=\u00a0\u00bbpost_content\u00a0\u00bb][et_pb_row _builder_version=\u00a0\u00bb4.17.6&Prime; _module_preset=\u00a0\u00bbdefault\u00a0\u00bb global_colors_info=\u00a0\u00bb{}\u00a0\u00bb theme_builder_area=\u00a0\u00bbpost_content\u00a0\u00bb][et_pb_column type=\u00a0\u00bb4_4&Prime; _builder_version=\u00a0\u00bb4.17.6&Prime; _module_preset=\u00a0\u00bbdefault\u00a0\u00bb global_colors_info=\u00a0\u00bb{}\u00a0\u00bb theme_builder_area=\u00a0\u00bbpost_content\u00a0\u00bb][et_pb_text _builder_version=\u00a0\u00bb4.19.5&Prime; _module_preset=\u00a0\u00bbdefault\u00a0\u00bb global_colors_info=\u00a0\u00bb{}\u00a0\u00bb theme_builder_area=\u00a0\u00bbpost_content\u00a0\u00bb]<\/p>\n<h2>T\u00c9RMINOS DE SOLICITUD DE VISADO<\/h2>\n<p><strong>NB: Requerido para todo tipo de visado, el resultado de la prueba COVID-19 (virol\u00f3gico, antig\u00e9nico o serol\u00f3gico) negativo o prueba de vacuna COVID-19 realizada por una instituci\u00f3n aprobada.<\/strong><em><strong><\/strong><\/em><\/p>\n<p>&nbsp;<\/p>\n<p>[\/et_pb_text][et_pb_image src=\u00a0\u00bbhttps:\/\/ambacamespagne.com\/web\/wp-content\/uploads\/2023\/05\/1683293844121.jpg\u00a0\u00bb title_text=\u00a0\u00bb1683293844121&Prime; _builder_version=\u00a0\u00bb4.20.4&Prime; _module_preset=\u00a0\u00bbdefault\u00a0\u00bb global_colors_info=\u00a0\u00bb{}\u00a0\u00bb theme_builder_area=\u00a0\u00bbpost_content\u00a0\u00bb][\/et_pb_image][et_pb_image src=\u00a0\u00bbhttps:\/\/ambacamespagne.com\/web\/wp-content\/uploads\/2023\/05\/COMMUNIQUE-EVISA0001-scaled.jpg\u00a0\u00bb title_text=\u00a0\u00bbCOMMUNIQUE EVISA0001&Prime; _builder_version=\u00a0\u00bb4.20.4&Prime; _module_preset=\u00a0\u00bbdefault\u00a0\u00bb global_colors_info=\u00a0\u00bb{}\u00a0\u00bb theme_builder_area=\u00a0\u00bbpost_content\u00a0\u00bb][\/et_pb_image][et_pb_image src=\u00a0\u00bbhttps:\/\/ambacamespagne.com\/web\/wp-content\/uploads\/2023\/05\/COMMUNIQUE-EVISA0002-scaled.jpg\u00a0\u00bb title_text=\u00a0\u00bbCOMMUNIQUE EVISA0002&Prime; _builder_version=\u00a0\u00bb4.20.4&Prime; _module_preset=\u00a0\u00bbdefault\u00a0\u00bb global_colors_info=\u00a0\u00bb{}\u00a0\u00bb theme_builder_area=\u00a0\u00bbpost_content\u00a0\u00bb][\/et_pb_image][et_pb_image src=\u00a0\u00bbhttps:\/\/ambacamespagne.com\/web\/wp-content\/uploads\/2023\/05\/1683293844156.jpg\u00a0\u00bb title_text=\u00a0\u00bbhttps:\/\/evisacam.cm\u00a0\u00bb _builder_version=\u00a0\u00bb4.20.4&Prime; _module_preset=\u00a0\u00bbdefault\u00a0\u00bb hover_enabled=\u00a0\u00bb0&Prime; global_colors_info=\u00a0\u00bb{}\u00a0\u00bb theme_builder_area=\u00a0\u00bbpost_content\u00a0\u00bb url=\u00a0\u00bbhttps:\/\/evisacam.cm\u00a0\u00bb sticky_enabled=\u00a0\u00bb0&Prime;][\/et_pb_image][et_pb_divider _builder_version=\u00a0\u00bb4.20.4&Prime; _module_preset=\u00a0\u00bbdefault\u00a0\u00bb global_colors_info=\u00a0\u00bb{}\u00a0\u00bb theme_builder_area=\u00a0\u00bbpost_content\u00a0\u00bb][\/et_pb_divider][et_pb_text ol_item_indent=\u00a0\u00bb15px\u00a0\u00bb _builder_version=\u00a0\u00bb4.19.0&Prime; _module_preset=\u00a0\u00bbdefault\u00a0\u00bb global_colors_info=\u00a0\u00bb{}\u00a0\u00bb theme_builder_area=\u00a0\u00bbpost_content\u00a0\u00bb]<\/p>\n<h3 class=\"has-text-align-center\"><strong>VISADO TEMPORAL<\/strong><\/h3>\n<p><strong>Traer<\/strong>:<\/p>\n<ol>\n<li>Un pasaporte u otro documento de viaje v\u00e1lido por al menos seis (06) meses y 01 fotocopia del mismo pasaporte (la p\u00e1gina que contiene sus datos).<\/li>\n<li>2 fotos de identidad 4\u00d74.<\/li>\n<li>Un certificado de alojamiento emitido por la persona que se compromete a acoger al visitante, avalado por el alcalde territorial competente o una reserva de hotel firme por la duraci\u00f3n prevista de la estad\u00eda, o una invitaci\u00f3n a un evento en el territorio nacional.<\/li>\n<li>Un ticket de avi\u00f3n o( una reserva de vuelo) ida y vuelta o, cuando corresponda, una tarjeta de aduana.<\/li>\n<li>Se requieren certificados internacionales de vacunaci\u00f3n.<\/li>\n<li>Una fotocopia de su permiso de residencia en Espa\u00f1a para extranjeros.<\/li>\n<li>Una orden de misi\u00f3n.<em><\/em><\/li>\n<\/ol>\n<p>[\/et_pb_text][et_pb_divider _builder_version=\u00a0\u00bb4.17.6&Prime; _module_preset=\u00a0\u00bbdefault\u00a0\u00bb global_colors_info=\u00a0\u00bb{}\u00a0\u00bb theme_builder_area=\u00a0\u00bbpost_content\u00a0\u00bb][\/et_pb_divider][et_pb_text ol_item_indent=\u00a0\u00bb15px\u00a0\u00bb _builder_version=\u00a0\u00bb4.17.6&Prime; _module_preset=\u00a0\u00bbdefault\u00a0\u00bb global_colors_info=\u00a0\u00bb{}\u00a0\u00bb theme_builder_area=\u00a0\u00bbpost_content\u00a0\u00bb]<\/p>\n<h3 class=\"has-text-align-center\">VISADO TUR\u00cdSTICO<\/h3>\n<ol>\n<li>La emisi\u00f3n de un visado tur\u00edstico individual o colectivo est\u00e1 sujeta a la producci\u00f3n, seg\u00fan sea el caso, de los art\u00edculos enumerados anteriormente en el visado temporal, ya sea por el turista o por el organizador del viaje en nombre del turista.<\/li>\n<li><strong>Duraci\u00f3n m\u00e1xima:<\/strong> 30 d\u00edas.<\/li>\n<\/ol>\n<p><strong>NB\u00a0:<\/strong> La duraci\u00f3n m\u00e1xima para otros tipos de visados es de 180 d\u00edas (6 meses)<em><strong><\/strong><\/em><\/p>\n<p>[\/et_pb_text][et_pb_divider _builder_version=\u00a0\u00bb4.17.6&Prime; _module_preset=\u00a0\u00bbdefault\u00a0\u00bb global_colors_info=\u00a0\u00bb{}\u00a0\u00bb theme_builder_area=\u00a0\u00bbpost_content\u00a0\u00bb][\/et_pb_divider][et_pb_text ol_item_indent=\u00a0\u00bb15px\u00a0\u00bb _builder_version=\u00a0\u00bb4.17.6&Prime; _module_preset=\u00a0\u00bbdefault\u00a0\u00bb global_colors_info=\u00a0\u00bb{}\u00a0\u00bb theme_builder_area=\u00a0\u00bbpost_content\u00a0\u00bb]<\/p>\n<h3 class=\"has-text-align-center\">VISADO DE LARGA ESTANCIA<\/h3>\n<p><strong>Traer<\/strong>\u00a0:<\/p>\n<ol>\n<li>Un pasaporte u otro documento de viaje v\u00e1lido por al menos seis (06) meses y 01 fotocopia del mismo pasaporte (la p\u00e1gina que contiene sus datos).<\/li>\n<li>Un boleto de avi\u00f3n u otro boleto v\u00e1lido a Camer\u00fan.<\/li>\n<li>Se requieren certificados internacionales de vacunaci\u00f3n.<\/li>\n<li>La garant\u00eda de repatriaci\u00f3n.<\/li>\n<li>Un contrato laboral aprobado por el Ministro de Trabajo para extranjeros que deseen participar en una actividad salarial en Camer\u00fan.<\/li>\n<li>Una autorizaci\u00f3n para ejercer una profesi\u00f3n liberal o para promover una actividad agr\u00edcola, pastoral, industrial, comercial, art\u00edstica u otra, emitida por las autoridades competentes, cuando se requiera dicha autorizaci\u00f3n.<\/li>\n<li>Un acto que justifica el v\u00ednculo conyugal, para el c\u00f3nyuge o parental para los hijos menores.<\/li>\n<li>Un certificado de registro o re-inscripci\u00f3n emitido por el jefe de la instituci\u00f3n, para estudiantes.<\/li>\n<li>Un acto de colocaci\u00f3n para los alumnos.<em><strong><\/strong><\/em><\/li>\n<\/ol>\n<p>[\/et_pb_text][et_pb_divider _builder_version=\u00a0\u00bb4.17.6&Prime; _module_preset=\u00a0\u00bbdefault\u00a0\u00bb global_colors_info=\u00a0\u00bb{}\u00a0\u00bb theme_builder_area=\u00a0\u00bbpost_content\u00a0\u00bb][\/et_pb_divider][et_pb_divider _builder_version=\u00a0\u00bb4.17.6&Prime; _module_preset=\u00a0\u00bbdefault\u00a0\u00bb global_colors_info=\u00a0\u00bb{}\u00a0\u00bb theme_builder_area=\u00a0\u00bbpost_content\u00a0\u00bb][\/et_pb_divider][et_pb_text _builder_version=\u00a0\u00bb4.17.6&Prime; _module_preset=\u00a0\u00bbdefault\u00a0\u00bb custom_margin=\u00a0\u00bb||10px||false|false\u00a0\u00bb global_colors_info=\u00a0\u00bb{}\u00a0\u00bb theme_builder_area=\u00a0\u00bbpost_content\u00a0\u00bb]<\/p>\n<h3 style=\"text-align: center;\"><em><strong>Complete el formulario de solicitud de visado a continuaci\u00f3n<\/strong><\/em><\/h3>\n<p>[\/et_pb_text][et_pb_button button_url=\u00a0\u00bbhttps:\/\/ambacamespagne.com\/web\/wp-content\/uploads\/2022\/08\/NOUVELLE-FICHE-DE-DEMANDE-DE-VISA.doc\u00a0\u00bb url_new_window=\u00a0\u00bbon\u00a0\u00bb button_text=\u00a0\u00bbFiche de demande de visa\u00a0\u00bb button_alignment=\u00a0\u00bbcenter\u00a0\u00bb _builder_version=\u00a0\u00bb4.17.6&Prime; _module_preset=\u00a0\u00bbdefault\u00a0\u00bb global_colors_info=\u00a0\u00bb{}\u00a0\u00bb theme_builder_area=\u00a0\u00bbpost_content\u00a0\u00bb][\/et_pb_button][\/et_pb_column][\/et_pb_row][\/et_pb_section]<\/p>\n","protected":false},"excerpt":{"rendered":"<p>T\u00c9RMINOS DE SOLICITUD DE VISADO NB: Requerido para todo tipo de visado, el resultado de la prueba COVID-19 (virol\u00f3gico, antig\u00e9nico o serol\u00f3gico) negativo o prueba de vacuna COVID-19 realizada por una instituci\u00f3n aprobada. &nbsp;VISADO TEMPORAL Traer: Un pasaporte u otro documento de viaje v\u00e1lido por al menos seis (06) meses y 01 fotocopia del mismo [&hellip;]<\/p>\n","protected":false},"author":1,"featured_media":0,"parent":0,"menu_order":0,"comment_status":"closed","ping_status":"closed","template":"","meta":{"_et_pb_use_builder":"on","_et_pb_old_content":"","_et_gb_content_width":"","footnotes":""},"class_list":["post-2280","page","type-page","status-publish","hentry"],"_links":{"self":[{"href":"https:\/\/ambacamespagne.com\/web\/fr\/wp-json\/wp\/v2\/pages\/2280","targetHints":{"allow":["GET"]}}],"collection":[{"href":"https:\/\/ambacamespagne.com\/web\/fr\/wp-json\/wp\/v2\/pages"}],"about":[{"href":"https:\/\/ambacamespagne.com\/web\/fr\/wp-json\/wp\/v2\/types\/page"}],"author":[{"embeddable":true,"href":"https:\/\/ambacamespagne.com\/web\/fr\/wp-json\/wp\/v2\/users\/1"}],"replies":[{"embeddable":true,"href":"https:\/\/ambacamespagne.com\/web\/fr\/wp-json\/wp\/v2\/comments?post=2280"}],"version-history":[{"count":0,"href":"https:\/\/ambacamespagne.com\/web\/fr\/wp-json\/wp\/v2\/pages\/2280\/revisions"}],"wp:attachment":[{"href":"https:\/\/ambacamespagne.com\/web\/fr\/wp-json\/wp\/v2\/media?parent=2280"}],"curies":[{"name":"wp","href":"https:\/\/api.w.org\/{rel}","templated":true}]}}