{"id":2274,"date":"2022-08-02T08:42:22","date_gmt":"2022-08-02T08:42:22","guid":{"rendered":"https:\/\/ambacamespagne.com\/web\/tarjeta-consular\/"},"modified":"2023-02-15T13:34:31","modified_gmt":"2023-02-15T13:34:31","slug":"carte-consulaire","status":"publish","type":"page","link":"https:\/\/ambacamespagne.com\/web\/fr\/carte-consulaire\/","title":{"rendered":"Carte consulaire"},"content":{"rendered":"<p>[et_pb_section fb_built=\u00a0\u00bb1&Prime; _builder_version=\u00a0\u00bb4.19.0&Prime; _module_preset=\u00a0\u00bbdefault\u00a0\u00bb background_enable_color=\u00a0\u00bboff\u00a0\u00bb global_colors_info=\u00a0\u00bb{}\u00a0\u00bb theme_builder_area=\u00a0\u00bbpost_content\u00a0\u00bb][et_pb_row _builder_version=\u00a0\u00bb4.17.6&Prime; _module_preset=\u00a0\u00bbdefault\u00a0\u00bb global_colors_info=\u00a0\u00bb{}\u00a0\u00bb theme_builder_area=\u00a0\u00bbpost_content\u00a0\u00bb][et_pb_column type=\u00a0\u00bb4_4&Prime; _builder_version=\u00a0\u00bb4.17.6&Prime; _module_preset=\u00a0\u00bbdefault\u00a0\u00bb global_colors_info=\u00a0\u00bb{}\u00a0\u00bb theme_builder_area=\u00a0\u00bbpost_content\u00a0\u00bb][et_pb_text _builder_version=\u00a0\u00bb4.19.5&Prime; _module_preset=\u00a0\u00bbdefault\u00a0\u00bb custom_margin=\u00a0\u00bb||15px||false|false\u00a0\u00bb hover_enabled=\u00a0\u00bb0&Prime; global_colors_info=\u00a0\u00bb{}\u00a0\u00bb theme_builder_area=\u00a0\u00bbpost_content\u00a0\u00bb sticky_enabled=\u00a0\u00bb0&Prime;]<\/p>\n<p><span class=\"Y2IQFc\" lang=\"fr\">EXIGENCES POUR LA DEMANDE DE CARTE CONSULAIRE : <\/span><\/p>\n<ul>\n<li class=\"tw-data-text tw-text-large tw-ta\" data-placeholder=\"Traduction\" dir=\"ltr\"><span class=\"Y2IQFc\" lang=\"fr\">1- Photo 4X4 photocopie de l&rsquo;acte de naissance<\/span><\/li>\n<li class=\"tw-data-text tw-text-large tw-ta\" data-placeholder=\"Traduction\" dir=\"ltr\"><span class=\"Y2IQFc\" lang=\"fr\">photocopie du passeport <\/span><\/li>\n<li class=\"tw-data-text tw-text-large tw-ta\" data-placeholder=\"Traduction\" dir=\"ltr\"><span class=\"Y2IQFc\" lang=\"fr\">photocopie nie (facultatif) inscription ou tout document justifiant que le demandeur r\u00e9side en Espagne<\/span><span class=\"Y2IQFc\" lang=\"fr\"><\/span><\/li>\n<\/ul>\n<p><span class=\"Y2IQFc\" lang=\"fr\"><a href=\"https:\/\/ambacamespagne.com\/web\/wp-content\/uploads\/2023\/02\/TELECHARGER-FORMULAIRE.pdf\" rel=\"attachment wp-att-3631\">T\u00c9L\u00c9CHARGER FORMULAIRE<\/a><\/span><\/p>\n<p style=\"text-align: left;\"><strong>Frais: 30\u00a0euros<\/strong><\/p>\n<p>[\/et_pb_text][\/et_pb_column][\/et_pb_row][\/et_pb_section]<\/p>\n","protected":false},"excerpt":{"rendered":"<p>EXIGENCES POUR LA DEMANDE DE CARTE CONSULAIRE : 1- Photo 4X4 photocopie de l&rsquo;acte de naissance photocopie du passeport photocopie nie (facultatif) inscription ou tout document justifiant que le demandeur r\u00e9side en Espagne T\u00c9L\u00c9CHARGER FORMULAIRE Frais: 30\u00a0euros<\/p>\n","protected":false},"author":1,"featured_media":0,"parent":0,"menu_order":0,"comment_status":"closed","ping_status":"closed","template":"","meta":{"_et_pb_use_builder":"on","_et_pb_old_content":"","_et_gb_content_width":"","footnotes":""},"class_list":["post-2274","page","type-page","status-publish","hentry"],"_links":{"self":[{"href":"https:\/\/ambacamespagne.com\/web\/fr\/wp-json\/wp\/v2\/pages\/2274","targetHints":{"allow":["GET"]}}],"collection":[{"href":"https:\/\/ambacamespagne.com\/web\/fr\/wp-json\/wp\/v2\/pages"}],"about":[{"href":"https:\/\/ambacamespagne.com\/web\/fr\/wp-json\/wp\/v2\/types\/page"}],"author":[{"embeddable":true,"href":"https:\/\/ambacamespagne.com\/web\/fr\/wp-json\/wp\/v2\/users\/1"}],"replies":[{"embeddable":true,"href":"https:\/\/ambacamespagne.com\/web\/fr\/wp-json\/wp\/v2\/comments?post=2274"}],"version-history":[{"count":0,"href":"https:\/\/ambacamespagne.com\/web\/fr\/wp-json\/wp\/v2\/pages\/2274\/revisions"}],"wp:attachment":[{"href":"https:\/\/ambacamespagne.com\/web\/fr\/wp-json\/wp\/v2\/media?parent=2274"}],"curies":[{"name":"wp","href":"https:\/\/api.w.org\/{rel}","templated":true}]}}