{"id":2277,"date":"2022-08-02T11:39:26","date_gmt":"2022-08-02T11:39:26","guid":{"rendered":"https:\/\/ambacamespagne.com\/web\/videos\/"},"modified":"2023-05-30T11:18:41","modified_gmt":"2023-05-30T11:18:41","slug":"videos","status":"publish","type":"page","link":"https:\/\/ambacamespagne.com\/web\/en\/videos\/","title":{"rendered":"PICTURES"},"content":{"rendered":"<p>[et_pb_section fb_built=&#8221;1&#8243; theme_builder_area=&#8221;post_content&#8221; _builder_version=&#8221;4.20.4&#8243; _module_preset=&#8221;default&#8221;][et_pb_row _builder_version=&#8221;4.20.4&#8243; _module_preset=&#8221;default&#8221; theme_builder_area=&#8221;post_content&#8221;][et_pb_column _builder_version=&#8221;4.20.4&#8243; _module_preset=&#8221;default&#8221; type=&#8221;4_4&#8243; theme_builder_area=&#8221;post_content&#8221;][et_pb_text _builder_version=&#8221;4.20.4&#8243; _module_preset=&#8221;default&#8221; theme_builder_area=&#8221;post_content&#8221; hover_enabled=&#8221;0&#8243; sticky_enabled=&#8221;0&#8243;]<\/p>\n<p>Tradition respect\u00e9e \u00e0 Madrid\u00a0!<\/p>\n<p>&nbsp;<\/p>\n<p>Enfin\u00a0! Trois ans apr\u00e8s le d\u00e9but de la pand\u00e9mie de Covid-19 qui avait contraint \u00e0 des c\u00e9l\u00e9brations de la F\u00eate de l\u2019Unit\u00e9 en mode mineur, L\u2019ann\u00e9e 2023 marque le retour aux festivit\u00e9s de plus grande ampleur.<\/p>\n<p>En effet, la crise sanitaire semble enfin derri\u00e8re nous. Le recul de l\u2019\u00e9pid\u00e9mie en Espagne se confirme. C\u2019est dans ce contexte d\u2019accalmie que l\u2019Ambassade du Cameroun aupr\u00e8s du Royaume d\u2019Espagne a pu c\u00e9l\u00e9brer de concert avec la Nation, la 51\u00e8me \u00e9dition de la F\u00eate de l\u2019Unit\u00e9 Nationale sous le th\u00e8me \u00ab\u00a0<em>Forces de d\u00e9fense et peuple Camerounais, en symbiose pour la sauvegarde de la paix et de l\u2019unit\u00e9 nationale, socle d\u2019un Cameroun fort et prosp\u00e8re\u00a0\u00bb<\/em>.<\/p>\n<p>La c\u00e9r\u00e9monie qui s\u2019est d\u00e9roul\u00e9e le 23 mai 2023 \u00e0 Madrid, a r\u00e9uni \u00e0 partir de 19h00, dans les jardins de la R\u00e9sidence de l\u2019Ambassadeur, pr\u00e8s de 200 convives tri\u00e9s sur le volet parmi les autorit\u00e9s politiques et administratives espagnoles, des diplomates, des op\u00e9rateurs \u00e9conomiques, les amis du Cameroun et des repr\u00e9sentants des diff\u00e9rentes associations camerounaises en Espagne.<\/p>\n<p>Plusieurs temps forts ont marqu\u00e9 cette c\u00e9l\u00e9bration. Apr\u00e8s un accueil chaleureux par l\u2019Ambassadeur Son Excellence YANGA Paulin Godfried Reliques et son \u00e9pouse, les invit\u00e9s ont assist\u00e9 \u00e0 l\u2019ex\u00e9cution des hymnes nationaux camerounais et espagnol suivi du discours de l\u2019Ambassadeur conclu par un toast. La d\u00e9gustation des saveurs culinaires camerounaises aux rythmes et sonorit\u00e9s du terroir ont ensuite permis de faire (re) d\u00e9couvrir aux invit\u00e9s la richesse et la diversit\u00e9 de la culture camerounaise. La coupure du g\u00e2teau a conclu \u00e0 22h00, cette soir\u00e9e m\u00e9morable, riche en couleurs et en \u00e9motions.<\/p>\n<p>[\/et_pb_text][et_pb_gallery _builder_version=&#8221;4.20.4&#8243; _module_preset=&#8221;default&#8221; theme_builder_area=&#8221;post_content&#8221; gallery_ids=&#8221;4784,4763,4760,4754,4766,4799,4742,4349,4352,4343,4337,4322,4328,4331,4313,4289,4274,4280,4262,4250,4253,4256,4247,4229,4238,4217,4214,4223,4199,4181,4178,4184,4169,4166,4160,4157,4148,4145,4142,4136,4139,4130,4133,4115,4109,4112,4100,4085,4088,4091,4103,4073,4079,4046,4055,4364,4367,4370,4373,4379,4391,4382,4403,4397,4394,4406,4415,4421,4424,4427,4433,4439,4454,4460,4463,4472,4475,4466,4469,4478,4481,4496,4487,4499,4493,4523,4520,4514,4526,4529,4532,4535,4547,4544,4538,4550,4553,4556,4604,4598,4586,4589,4592,4580,4583,4577,4574,4631,4622,4625,4628,4643,4634,4637,4640,4646,4655,4667,4658,4661,4673,4676,4685,4682,4691,4700,4715,4712,4718,4748,4787,4793&#8243; hover_enabled=&#8221;0&#8243; sticky_enabled=&#8221;0&#8243;][\/et_pb_gallery][\/et_pb_column][\/et_pb_row][\/et_pb_section]<\/p>\n","protected":false},"excerpt":{"rendered":"<p>Tradition respect\u00e9e \u00e0 Madrid\u00a0! &nbsp; Enfin\u00a0! Trois ans apr\u00e8s le d\u00e9but de la pand\u00e9mie de Covid-19 qui avait contraint \u00e0 des c\u00e9l\u00e9brations de la F\u00eate de l\u2019Unit\u00e9 en mode mineur, L\u2019ann\u00e9e 2023 marque le retour aux festivit\u00e9s de plus grande ampleur. En effet, la crise sanitaire semble enfin derri\u00e8re nous. Le recul de l\u2019\u00e9pid\u00e9mie en [&hellip;]<\/p>\n","protected":false},"author":1,"featured_media":0,"parent":0,"menu_order":0,"comment_status":"closed","ping_status":"closed","template":"","meta":{"_et_pb_use_builder":"on","_et_pb_old_content":"","_et_gb_content_width":"","footnotes":""},"class_list":["post-2277","page","type-page","status-publish","hentry"],"_links":{"self":[{"href":"https:\/\/ambacamespagne.com\/web\/en\/wp-json\/wp\/v2\/pages\/2277","targetHints":{"allow":["GET"]}}],"collection":[{"href":"https:\/\/ambacamespagne.com\/web\/en\/wp-json\/wp\/v2\/pages"}],"about":[{"href":"https:\/\/ambacamespagne.com\/web\/en\/wp-json\/wp\/v2\/types\/page"}],"author":[{"embeddable":true,"href":"https:\/\/ambacamespagne.com\/web\/en\/wp-json\/wp\/v2\/users\/1"}],"replies":[{"embeddable":true,"href":"https:\/\/ambacamespagne.com\/web\/en\/wp-json\/wp\/v2\/comments?post=2277"}],"version-history":[{"count":0,"href":"https:\/\/ambacamespagne.com\/web\/en\/wp-json\/wp\/v2\/pages\/2277\/revisions"}],"wp:attachment":[{"href":"https:\/\/ambacamespagne.com\/web\/en\/wp-json\/wp\/v2\/media?parent=2277"}],"curies":[{"name":"wp","href":"https:\/\/api.w.org\/{rel}","templated":true}]}}