{"id":2275,"date":"2022-08-02T10:39:48","date_gmt":"2022-08-02T10:39:48","guid":{"rendered":"https:\/\/ambacamespagne.com\/web\/tarjeta-de-viaje\/"},"modified":"2023-01-04T16:25:58","modified_gmt":"2023-01-04T16:25:58","slug":"travel-card","status":"publish","type":"page","link":"https:\/\/ambacamespagne.com\/web\/en\/travel-card\/","title":{"rendered":"Travel Card"},"content":{"rendered":"<p>[et_pb_section fb_built=&#8221;1&#8243; _builder_version=&#8221;4.19.0&#8243; _module_preset=&#8221;default&#8221; background_enable_color=&#8221;off&#8221; global_colors_info=&#8221;{}&#8221;][et_pb_row column_structure=&#8221;1_2,1_2&#8243; _builder_version=&#8221;4.17.6&#8243; _module_preset=&#8221;default&#8221; global_colors_info=&#8221;{}&#8221;][et_pb_column type=&#8221;1_2&#8243; _builder_version=&#8221;4.17.6&#8243; _module_preset=&#8221;default&#8221; global_colors_info=&#8221;{}&#8221;][et_pb_text _builder_version=&#8221;4.17.6&#8243; _module_preset=&#8221;default&#8221; global_colors_info=&#8221;{}&#8221;]<\/p>\n<h2>INFORMACIONES PR\u00c1CTICAS<\/h2>\n<h3>Visa<\/h3>\n<p>Se requiere visa para estad\u00edas largas o cortas. Es emitido por las representaciones diplom\u00e1ticas o consulares de Camer\u00fan en su pa\u00eds. Es recomendable presentar una carta de invitaci\u00f3n con la solicitud de visa.<\/p>\n<h3>Salud<\/h3>\n<p>Se requieren certificados de vacunaci\u00f3n contra la fiebre amarilla, la tuberculosis, el c\u00f3lera, la hepatitis A y B, la fiebre tifoidea y el t\u00e9tanos al ingresar al territorio. Tambi\u00e9n recuerde protegerse contra la malaria.<\/p>\n<h3>Desplazarse<\/h3>\n<p>Se requiere carnet de conducir internacional. El alquiler de autos puede ser costoso. Fuera de las grandes ciudades, las carreteras rara vez est\u00e1n pavimentadas y se recomienda el uso de todo terreno.<\/p>\n<h3>Costo de vida<\/h3>\n<p>La moneda es el franco CFA (FCFA), el tipo de cambio con el euro es fijo.<br \/>1000 FCFA = 1,52 euros<br \/>1 euro = 655,56 FCFA<\/p>\n<h3>La banca electr\u00f3nica<\/h3>\n<p>Las tarjetas de cr\u00e9dito solo se aceptan en los principales hoteles, aerol\u00edneas y las principales cadenas internacionales. Hay algunos cajeros autom\u00e1ticos en Yaund\u00e9 y Douala, especialmente en los principales bancos.<\/p>\n<h3>Clima<\/h3>\n<p>Yaund\u00e9: lluvia moderada de marzo a noviembre, temperatura promedio de 23.5 \u00b0C<br \/>Duala: fuertes lluvias de marzo a noviembre, temperatura media 26.9 \u00b0C<\/p>\n<h3>M\u00e1s en la web<\/h3>\n<p>www.cameroun-infotourisme.com<\/p>\n<p>[\/et_pb_text][\/et_pb_column][et_pb_column type=&#8221;1_2&#8243; _builder_version=&#8221;4.17.6&#8243; _module_preset=&#8221;default&#8221; global_colors_info=&#8221;{}&#8221;][et_pb_image src=&#8221;https:\/\/ambacamespagne.com\/web\/wp-content\/uploads\/2022\/08\/tarjeta-de-viaje-camerun.jpg&#8221; title_text=&#8221;tarjeta de viaje camerun&#8221; _builder_version=&#8221;4.17.6&#8243; _module_preset=&#8221;default&#8221; global_colors_info=&#8221;{}&#8221;][\/et_pb_image][\/et_pb_column][\/et_pb_row][et_pb_row _builder_version=&#8221;4.17.6&#8243; _module_preset=&#8221;default&#8221; custom_margin=&#8221;||||false|false&#8221; custom_padding=&#8221;30px|30px|0px|30px|false|false&#8221; global_colors_info=&#8221;{}&#8221;][et_pb_column type=&#8221;4_4&#8243; _builder_version=&#8221;4.17.6&#8243; _module_preset=&#8221;default&#8221; global_colors_info=&#8221;{}&#8221;][et_pb_divider _builder_version=&#8221;4.17.6&#8243; _module_preset=&#8221;default&#8221; global_colors_info=&#8221;{}&#8221;][\/et_pb_divider][et_pb_text _builder_version=&#8221;4.17.6&#8243; _module_preset=&#8221;default&#8221; custom_margin=&#8221;||0px||false|false&#8221; global_colors_info=&#8221;{}&#8221;]<\/p>\n<h2><span style=\"color: #000000;\">Compa\u00f1\u00edas a\u00e9reas<\/span><\/h2>\n<p>[\/et_pb_text][\/et_pb_column][\/et_pb_row][et_pb_row column_structure=&#8221;1_3,1_3,1_3&#8243; _builder_version=&#8221;4.17.6&#8243; _module_preset=&#8221;default&#8221; global_colors_info=&#8221;{}&#8221;][et_pb_column type=&#8221;1_3&#8243; _builder_version=&#8221;4.17.6&#8243; _module_preset=&#8221;default&#8221; global_colors_info=&#8221;{}&#8221;][et_pb_text _builder_version=&#8221;4.17.6&#8243; _module_preset=&#8221;default&#8221; global_colors_info=&#8221;{}&#8221;]<\/p>\n<p><strong><span style=\"color: #000000;\">AIR FRANCE<\/span><\/strong><br \/><span style=\"color: #000000;\">Tel (+237) 33 50 15 15<\/span><br \/><span style=\"color: #000000;\"><a href=\"http:\/\/www.airfrance.com\/cm\">www.airfrance.com\/cm<\/a><\/span><\/p>\n<p><strong><span style=\"color: #000000;\">AIR IVOIRE<\/span><\/strong><br \/><span style=\"color: #000000;\">Douala, Tel (+237) 33 42 06 95<\/span><br \/><span style=\"color: #000000;\"><a href=\"http:\/\/www.airivoire.com\">www.airivoire.com<\/a><\/span><\/p>\n<p><strong><span style=\"color: #000000;\">AIR LASING<\/span><\/strong><br \/><span style=\"color: #000000;\">Aviaci\u00f3n Comercial<\/span><br \/><span style=\"color: #000000;\">Douala, Tel (+237) 33 42 51 61<\/span><br \/><span style=\"color: #000000;\"><a href=\"http:\/\/www.airleasing.com\">www.airleasing.com<\/a><\/span><\/p>\n<p><strong><span style=\"color: #000000;\">ASKY AIRLINES<\/span><\/strong><br \/><span style=\"color: #000000;\">Yaund\u00e9, Tel (+237) 20 20 60 06<\/span><br \/><span style=\"color: #000000;\"><a href=\"http:\/\/www.flyasky.com\">www.flyasky.com<\/a><\/span><\/p>\n<p>[\/et_pb_text][\/et_pb_column][et_pb_column type=&#8221;1_3&#8243; _builder_version=&#8221;4.17.6&#8243; _module_preset=&#8221;default&#8221; global_colors_info=&#8221;{}&#8221;][et_pb_text _builder_version=&#8221;4.17.6&#8243; _module_preset=&#8221;default&#8221; global_colors_info=&#8221;{}&#8221;]<\/p>\n<p><strong><span style=\"color: #000000;\">BRUSSELS AIRLINES<\/span><\/strong><br \/><span style=\"color: #000000;\">Yaund\u00e9, Tel (+237) 22 23 47 29<\/span><br \/><span style=\"color: #000000;\">Douala, Tel (+237) 33 42 05 15<\/span><br \/><span style=\"color: #000000;\"><a href=\"http:\/\/www.cameroon.brusselsairlines.com.com\">www.cameroon.brusselsairlines.com.com<\/a><\/span><\/p>\n<p><strong><span style=\"color: #000000;\">CAMER\u00daN AIRLINES CORPORATION<\/span><\/strong><br \/><span style=\"color: #000000;\">Douala, Tel (+237) 33 50 55 55<\/span><br \/><span style=\"color: #000000;\"><a href=\"http:\/\/www.camair-co.cm\">www.camair-co.cm<\/a><\/span><\/p>\n<p><strong><span style=\"color: #000000;\">L\u00edneas a\u00e9reas et\u00edopes<\/span><\/strong><br \/><span style=\"color: #000000;\">Douala, Tel (+237) 33 43 01 67<\/span><br \/><span style=\"color: #000000;\"><a href=\"http:\/\/www.flyethiopian.com\/cm\">www.flyethiopian.com\/cm<\/a><\/span><\/p>\n<p><span style=\"color: #000000;\"><b>KENYA AIRWAYS<br \/><\/b><\/span><span style=\"color: #000000;\">Douala, Tel (+237) 33 43 94 98<\/span><br \/><span style=\"color: #000000;\"><a href=\"http:\/\/www.kenya-airways.com\">www.kenya-airways.com<\/a><\/span><\/p>\n<p>[\/et_pb_text][\/et_pb_column][et_pb_column type=&#8221;1_3&#8243; _builder_version=&#8221;4.17.6&#8243; _module_preset=&#8221;default&#8221; global_colors_info=&#8221;{}&#8221;][et_pb_text _builder_version=&#8221;4.17.6&#8243; _module_preset=&#8221;default&#8221; global_colors_info=&#8221;{}&#8221;]<\/p>\n<p><strong><span style=\"color: #000000;\">ROYAL AIR MAROC<\/span><\/strong><br \/><span style=\"color: #000000;\">Douala, Tel (+237) 33 42 29 98<\/span><br \/><span style=\"color: #000000;\"><a href=\"http:\/\/www.royalairmaroc.com\">www.royalairmaroc.com<\/a><\/span><\/p>\n<p><strong><span style=\"color: #000000;\">SWISS<\/span><\/strong><br \/><span style=\"color: #000000;\">Yaund\u00e9, Tel (+237) 22 22 97 37<\/span><br \/><span style=\"color: #000000;\">Douala, Tel (+237) 33 42 29 29<\/span><br \/><span style=\"color: #000000;\"><a href=\"http:\/\/www.swiss.com\">www.swiss.com<\/a><\/span><\/p>\n<p><strong><span style=\"color: #000000;\">AIR NIGERIA<\/span><\/strong><br \/><span style=\"color: #000000;\">Douala, Tel (+237) 33 42 76 27<\/span><br \/><span style=\"color: #000000;\"><a href=\"http:\/\/www.myairnigeria.com\">www.myairnigeria.com<\/a><\/span><\/p>\n<p>[\/et_pb_text][\/et_pb_column][\/et_pb_row][\/et_pb_section]<\/p>\n","protected":false},"excerpt":{"rendered":"<p>INFORMACIONES PR\u00c1CTICAS Visa Se requiere visa para estad\u00edas largas o cortas. Es emitido por las representaciones diplom\u00e1ticas o consulares de Camer\u00fan en su pa\u00eds. Es recomendable presentar una carta de invitaci\u00f3n con la solicitud de visa. Salud Se requieren certificados de vacunaci\u00f3n contra la fiebre amarilla, la tuberculosis, el c\u00f3lera, la hepatitis A y B, [&hellip;]<\/p>\n","protected":false},"author":1,"featured_media":0,"parent":0,"menu_order":0,"comment_status":"closed","ping_status":"closed","template":"","meta":{"_et_pb_use_builder":"on","_et_pb_old_content":"","_et_gb_content_width":"","footnotes":""},"class_list":["post-2275","page","type-page","status-publish","hentry"],"_links":{"self":[{"href":"https:\/\/ambacamespagne.com\/web\/en\/wp-json\/wp\/v2\/pages\/2275","targetHints":{"allow":["GET"]}}],"collection":[{"href":"https:\/\/ambacamespagne.com\/web\/en\/wp-json\/wp\/v2\/pages"}],"about":[{"href":"https:\/\/ambacamespagne.com\/web\/en\/wp-json\/wp\/v2\/types\/page"}],"author":[{"embeddable":true,"href":"https:\/\/ambacamespagne.com\/web\/en\/wp-json\/wp\/v2\/users\/1"}],"replies":[{"embeddable":true,"href":"https:\/\/ambacamespagne.com\/web\/en\/wp-json\/wp\/v2\/comments?post=2275"}],"version-history":[{"count":0,"href":"https:\/\/ambacamespagne.com\/web\/en\/wp-json\/wp\/v2\/pages\/2275\/revisions"}],"wp:attachment":[{"href":"https:\/\/ambacamespagne.com\/web\/en\/wp-json\/wp\/v2\/media?parent=2275"}],"curies":[{"name":"wp","href":"https:\/\/api.w.org\/{rel}","templated":true}]}}