{"id":2255,"date":"2022-08-02T10:44:02","date_gmt":"2022-08-02T10:44:02","guid":{"rendered":"https:\/\/ambacamespagne.com\/web\/informacion-practica\/"},"modified":"2023-01-04T16:17:16","modified_gmt":"2023-01-04T16:17:16","slug":"practical-information","status":"publish","type":"page","link":"https:\/\/ambacamespagne.com\/web\/en\/practical-information\/","title":{"rendered":"Practical Information"},"content":{"rendered":"<p>[et_pb_section fb_built=&#8221;1&#8243; _builder_version=&#8221;4.19.0&#8243; _module_preset=&#8221;default&#8221; background_enable_color=&#8221;off&#8221; global_colors_info=&#8221;{}&#8221;][et_pb_row column_structure=&#8221;1_2,1_2&#8243; _builder_version=&#8221;4.17.6&#8243; _module_preset=&#8221;default&#8221; global_colors_info=&#8221;{}&#8221;][et_pb_column type=&#8221;1_2&#8243; _builder_version=&#8221;4.17.6&#8243; _module_preset=&#8221;default&#8221; global_colors_info=&#8221;{}&#8221;][et_pb_text _builder_version=&#8221;4.17.6&#8243; _module_preset=&#8221;default&#8221; global_colors_info=&#8221;{}&#8221;]<\/p>\n<h3>Cuando ir<\/h3>\n<p>Todo depende de d\u00f3nde quiera ir el turista.<br \/>El sur del pa\u00eds est\u00e1 completamente boscoso, conoce en el a\u00f1o 4 estaciones: una gran estaci\u00f3n seca de enero a marzo, una peque\u00f1a estaci\u00f3n de lluvia de abril a junio, una peque\u00f1a estaci\u00f3n seca de julio a septiembre y una gran temporada de lluvias de octubre a diciembre.<br \/>En el norte, por el contrario, hay dos estaciones bien definidas: una estaci\u00f3n lluviosa de junio a octubre y una estaci\u00f3n seca el resto del a\u00f1o.<br \/>Pero todo esto es te\u00f3rico, porque existen matices, por ejemplo, en el oeste donde caen fuertes lluvias en julio, agosto y septiembre y en la costa donde llueve casi todo el tiempo.<\/p>\n<h3>Formalidades de entrada<\/h3>\n<p>Se expide una visa de turista a los extranjeros que vienen a hacer un viaje de placer a Camer\u00fan, a trav\u00e9s de representaciones diplom\u00e1ticas o consulares en el extranjero. Su validez es de 30 d\u00edas no renovable, con varias entradas y salidas.<br \/>Los turistas que vienen de pa\u00edses donde Camer\u00fan no est\u00e1 representado pueden obtener esta visa en el puesto fronterizo de su lugar de entrada. Como los turistas en viajes organizados.<br \/>Las partes requeridas para una visa de turista son:<br \/>. Un pasaporte valido<br \/>. un boleto a\u00e9reo de regreso<br \/>. Certificado internacional de vacunaci\u00f3n (fiebre amarilla)<br \/>. dos fotos de pasaporte tomadas desde el frente<br \/>. Un certificado de alojamiento o una reserva de hotel.<br \/>. Un formulario de solicitud de visa retirado de los consulados u obtenido por correo mediante simple solicitud, completado y firmado; adjunte un sobre sellado para devolverlo. Los sellos fiscales se venden en consulados.<\/p>\n<h3>Aduana<\/h3>\n<p>El turista se beneficia del r\u00e9gimen de importaci\u00f3n temporal libre de los siguientes art\u00edculos de uso personal: joyas de menos de 500 g, ropa y ropa de cama, gato y perro, dos c\u00e1maras de formato peque\u00f1o con 10 rollos de pel\u00edcula por m\u00e1quina, \u2026<br \/>Para cazar armas y municiones, se requiere una licencia de importaci\u00f3n.<br \/>Para la exportaci\u00f3n de productos de origen animal: obtener la autorizaci\u00f3n de la administraci\u00f3n responsable del medio ambiente.<br \/>Para la exportaci\u00f3n de objetos de arte en otros materiales (madera, hierro \u2026) para dirigirse a la c\u00e1mara de comercio de la industria, la miner\u00eda y la artesan\u00eda.<\/p>\n<h3>Moneda \/ cambio<\/h3>\n<p>La moneda local es el franco CFA, que tiene un tipo de cambio fijo con el euro, es decir, 1 euro = 656 CFAF.<br \/>Los bancos generalmente est\u00e1n abiertos a los clientes de 07:00 a 15:00.<br \/>El cambio de moneda solo es posible en bancos, grandes hoteles y algunas agencias de turismo.<br \/>Los grandes hoteles aceptan ciertas tarjetas de cr\u00e9dito.<\/p>\n<h3>Transporte urbano e interurbano.<\/h3>\n<p>La recogida en taxi de la ciudad cuesta 175 CFA o 0,26 euros. Somos varios en el mismo veh\u00edculo. La carrera de taxis de un punto a otro en la ciudad es un precio a discutir, generalmente 1.500 francos CFA (2,30 euros) por hora; El pasajero est\u00e1 solo con su conductor.<br \/>El taxi desde el aeropuerto cuesta 2.500 fCF (4 euros) en el d\u00eda y 5.000 f CFA (8 euros) la noche m\u00e1s all\u00e1 de las 18h.<br \/>Los viajes dentro del pa\u00eds tambi\u00e9n se realizan en avi\u00f3n y tren. Existen aer\u00f3dromos en Ngaoundere, Bertoua, Bafoussam y Maroua.<br \/>Una l\u00ednea ferroviaria \u00abTranscameroon\u00bb de m\u00e1s de 1500 km cruza el pa\u00eds de oeste a este y conecta Douala a Ngaoundere a trav\u00e9s de Yaounde.<br \/>En las aldeas y centros urbanos, los taxis silvestres transportan pasajeros regularmente.<br \/>Peaje de carretera: 500 f CFA por veh\u00edculo y por puesto.<\/p>\n<h3>Electricidad<\/h3>\n<p>220 voltios, est\u00e1ndar europeo<\/p>\n<h3>Tel\u00e9fono<\/h3>\n<p>C\u00f3digo de marcaci\u00f3n internacional: 237 + los ocho d\u00edgitos de marcaci\u00f3n local<\/p>\n<h3>Restauraci\u00f3n<\/h3>\n<p>El turismo extranjero puede encontrar cocina internacional en los principales centros hoteleros y restaurantes de la ciudad. Sin embargo, una excelente cocina camerunesa basada en varios productos (pescado, caza, fruta \u2026) est\u00e1 disponible en muchos restaurantes en el pa\u00eds.<\/p>\n<h3>Hora local<\/h3>\n<p>Zona horaria: GMT + 1<br \/>En invierno, no hay diferencia horaria con Espa\u00f1a<br \/>En verano, una hora menos que la hora en Espa\u00f1a.<\/p>\n<h3>Horario de trabajo<\/h3>\n<p>Lunes a viernes de 07:30 a 15:30<br \/>Las tiendas permanecen abiertas hasta las 18h, incluso los s\u00e1bados.<\/p>\n<p>[\/et_pb_text][\/et_pb_column][et_pb_column type=&#8221;1_2&#8243; _builder_version=&#8221;4.17.6&#8243; _module_preset=&#8221;default&#8221; global_colors_info=&#8221;{}&#8221;][et_pb_image src=&#8221;https:\/\/ambacamespagne.com\/web\/wp-content\/uploads\/2022\/08\/informacion-practica-embajada-de-camerun-madrid.jpg&#8221; title_text=&#8221;informacion-practica-embajada-de-camerun-madrid&#8221; _builder_version=&#8221;4.17.6&#8243; _module_preset=&#8221;default&#8221; global_colors_info=&#8221;{}&#8221;][\/et_pb_image][\/et_pb_column][\/et_pb_row][\/et_pb_section]<\/p>\n","protected":false},"excerpt":{"rendered":"<p>Cuando ir Todo depende de d\u00f3nde quiera ir el turista.El sur del pa\u00eds est\u00e1 completamente boscoso, conoce en el a\u00f1o 4 estaciones: una gran estaci\u00f3n seca de enero a marzo, una peque\u00f1a estaci\u00f3n de lluvia de abril a junio, una peque\u00f1a estaci\u00f3n seca de julio a septiembre y una gran temporada de lluvias de octubre [&hellip;]<\/p>\n","protected":false},"author":1,"featured_media":0,"parent":0,"menu_order":0,"comment_status":"closed","ping_status":"closed","template":"","meta":{"_et_pb_use_builder":"on","_et_pb_old_content":"","_et_gb_content_width":"","footnotes":""},"class_list":["post-2255","page","type-page","status-publish","hentry"],"_links":{"self":[{"href":"https:\/\/ambacamespagne.com\/web\/en\/wp-json\/wp\/v2\/pages\/2255","targetHints":{"allow":["GET"]}}],"collection":[{"href":"https:\/\/ambacamespagne.com\/web\/en\/wp-json\/wp\/v2\/pages"}],"about":[{"href":"https:\/\/ambacamespagne.com\/web\/en\/wp-json\/wp\/v2\/types\/page"}],"author":[{"embeddable":true,"href":"https:\/\/ambacamespagne.com\/web\/en\/wp-json\/wp\/v2\/users\/1"}],"replies":[{"embeddable":true,"href":"https:\/\/ambacamespagne.com\/web\/en\/wp-json\/wp\/v2\/comments?post=2255"}],"version-history":[{"count":0,"href":"https:\/\/ambacamespagne.com\/web\/en\/wp-json\/wp\/v2\/pages\/2255\/revisions"}],"wp:attachment":[{"href":"https:\/\/ambacamespagne.com\/web\/en\/wp-json\/wp\/v2\/media?parent=2255"}],"curies":[{"name":"wp","href":"https:\/\/api.w.org\/{rel}","templated":true}]}}