{"id":2244,"date":"2022-08-02T11:17:44","date_gmt":"2022-08-02T11:17:44","guid":{"rendered":"https:\/\/ambacamespagne.com\/web\/negocios-en-espana\/"},"modified":"2023-01-04T15:20:13","modified_gmt":"2023-01-04T15:20:13","slug":"business-in-spain","status":"publish","type":"page","link":"https:\/\/ambacamespagne.com\/web\/en\/business-in-spain\/","title":{"rendered":"Business in Spain"},"content":{"rendered":"<p>[et_pb_section fb_built=&#8221;1&#8243; _builder_version=&#8221;4.19.0&#8243; _module_preset=&#8221;default&#8221; background_enable_color=&#8221;off&#8221; global_colors_info=&#8221;{}&#8221;][et_pb_row column_structure=&#8221;1_2,1_2&#8243; _builder_version=&#8221;4.17.6&#8243; _module_preset=&#8221;default&#8221; global_colors_info=&#8221;{}&#8221;][et_pb_column type=&#8221;1_2&#8243; _builder_version=&#8221;4.17.6&#8243; _module_preset=&#8221;default&#8221; global_colors_info=&#8221;{}&#8221;][et_pb_text _builder_version=&#8221;4.17.6&#8243; _module_preset=&#8221;default&#8221; global_colors_info=&#8221;{}&#8221;]<\/p>\n<p>La ubicaci\u00f3n geogr\u00e1fica de Espa\u00f1a, su poblaci\u00f3n multicultural y su historia explican el pronunciado car\u00e1cter internacional del pa\u00eds. Durante siglos, Espa\u00f1a ha sido una encrucijada y un centro comercial. El pa\u00eds ha conservado lo mejor de las culturas latinas. Como resultado, Espa\u00f1a es un pa\u00eds muy moderno con una infraestructura muy desarrollada y una muy alta calidad de vida.<\/p>\n<p>La poblaci\u00f3n espa\u00f1ola es conocida por su alta productividad, lealtad y apertura. Por lo tanto, la calidad de la fuerza laboral espa\u00f1ola tambi\u00e9n es muy reconocida internacionalmente.<\/p>\n<p>Tanto los gobiernos federales como los regionales est\u00e1n listos para brindar asesoramiento o apoyo a los inversores extranjeros. Espa\u00f1a tambi\u00e9n ofrece diversas medidas fiscales favorables a las empresas. Es por eso que Espa\u00f1a es uno de los pa\u00edses m\u00e1s interesantes para desarrollar actividades.<\/p>\n<p>Todos estos activos hacen de Espa\u00f1a una de las regiones m\u00e1s atractivas de Europa y el pa\u00eds de inversiones por excelencia.<\/p>\n<p>[\/et_pb_text][\/et_pb_column][et_pb_column type=&#8221;1_2&#8243; _builder_version=&#8221;4.17.6&#8243; _module_preset=&#8221;default&#8221; global_colors_info=&#8221;{}&#8221;][et_pb_image src=&#8221;https:\/\/ambacamespagne.com\/web\/wp-content\/uploads\/2022\/08\/negocios-en-espana-embajada-camerun.jpg&#8221; title_text=&#8221;negocios-en-espana-embajada-camerun&#8221; _builder_version=&#8221;4.17.6&#8243; _module_preset=&#8221;default&#8221; global_colors_info=&#8221;{}&#8221;][\/et_pb_image][\/et_pb_column][\/et_pb_row][\/et_pb_section]<\/p>\n","protected":false},"excerpt":{"rendered":"<p>La ubicaci\u00f3n geogr\u00e1fica de Espa\u00f1a, su poblaci\u00f3n multicultural y su historia explican el pronunciado car\u00e1cter internacional del pa\u00eds. Durante siglos, Espa\u00f1a ha sido una encrucijada y un centro comercial. El pa\u00eds ha conservado lo mejor de las culturas latinas. Como resultado, Espa\u00f1a es un pa\u00eds muy moderno con una infraestructura muy desarrollada y una muy [&hellip;]<\/p>\n","protected":false},"author":1,"featured_media":0,"parent":0,"menu_order":0,"comment_status":"closed","ping_status":"closed","template":"","meta":{"_et_pb_use_builder":"on","_et_pb_old_content":"","_et_gb_content_width":"","footnotes":""},"class_list":["post-2244","page","type-page","status-publish","hentry"],"_links":{"self":[{"href":"https:\/\/ambacamespagne.com\/web\/en\/wp-json\/wp\/v2\/pages\/2244","targetHints":{"allow":["GET"]}}],"collection":[{"href":"https:\/\/ambacamespagne.com\/web\/en\/wp-json\/wp\/v2\/pages"}],"about":[{"href":"https:\/\/ambacamespagne.com\/web\/en\/wp-json\/wp\/v2\/types\/page"}],"author":[{"embeddable":true,"href":"https:\/\/ambacamespagne.com\/web\/en\/wp-json\/wp\/v2\/users\/1"}],"replies":[{"embeddable":true,"href":"https:\/\/ambacamespagne.com\/web\/en\/wp-json\/wp\/v2\/comments?post=2244"}],"version-history":[{"count":0,"href":"https:\/\/ambacamespagne.com\/web\/en\/wp-json\/wp\/v2\/pages\/2244\/revisions"}],"wp:attachment":[{"href":"https:\/\/ambacamespagne.com\/web\/en\/wp-json\/wp\/v2\/media?parent=2244"}],"curies":[{"name":"wp","href":"https:\/\/api.w.org\/{rel}","templated":true}]}}