{"id":2222,"date":"2022-08-02T10:44:18","date_gmt":"2022-08-02T10:44:18","guid":{"rendered":"https:\/\/ambacamespagne.com\/web\/eventos-culturales\/"},"modified":"2023-01-04T15:37:38","modified_gmt":"2023-01-04T15:37:38","slug":"cultural-events","status":"publish","type":"page","link":"https:\/\/ambacamespagne.com\/web\/en\/cultural-events\/","title":{"rendered":"Cultural Events"},"content":{"rendered":"<p>[et_pb_section fb_built=&#8221;1&#8243; _builder_version=&#8221;4.19.0&#8243; _module_preset=&#8221;default&#8221; background_enable_color=&#8221;off&#8221; global_colors_info=&#8221;{}&#8221;][et_pb_row column_structure=&#8221;1_2,1_2&#8243; _builder_version=&#8221;4.17.6&#8243; _module_preset=&#8221;default&#8221; global_colors_info=&#8221;{}&#8221;][et_pb_column type=&#8221;1_2&#8243; _builder_version=&#8221;4.17.6&#8243; _module_preset=&#8221;default&#8221; global_colors_info=&#8221;{}&#8221;][et_pb_text _builder_version=&#8221;4.17.6&#8243; _module_preset=&#8221;default&#8221; global_colors_info=&#8221;{}&#8221;]<\/p>\n<p>Con sus 400 km de costa, Camer\u00fan es un lugar privilegiado para actividades junto al mar y deportes acu\u00e1ticos.<\/p>\n<p>Un clima templado durante todo el a\u00f1o, playas de arena, pintorescas bah\u00edas, la majestuosidad del oc\u00e9ano: todo contribuye a una estancia inolvidable.<\/p>\n<p>Para los entusiastas de la pesca deportiva, las aguas ricas en peces complacer\u00e1n a los m\u00e1s exigentes.<\/p>\n<p>Son posibles muchas excursiones desde las metr\u00f3polis de Camer\u00fan, para descubrir parques nacionales, sitios notables o m\u00faltiples poblaciones del pa\u00eds.<\/p>\n<p>Los amantes del golf encontrar\u00e1n tres magn\u00edficos campos, en Yaund\u00e9 y Douala, as\u00ed como en Tiko en la costa de Limb\u00e9.<\/p>\n<p>[\/et_pb_text][\/et_pb_column][et_pb_column type=&#8221;1_2&#8243; _builder_version=&#8221;4.17.6&#8243; _module_preset=&#8221;default&#8221; global_colors_info=&#8221;{}&#8221;][et_pb_image src=&#8221;https:\/\/ambacamespagne.com\/web\/wp-content\/uploads\/2022\/08\/actividades-deportivas-camerun.jpg&#8221; title_text=&#8221;actividades deportivas camerun&#8221; _builder_version=&#8221;4.17.6&#8243; _module_preset=&#8221;default&#8221; global_colors_info=&#8221;{}&#8221;][\/et_pb_image][\/et_pb_column][\/et_pb_row][\/et_pb_section]<\/p>\n","protected":false},"excerpt":{"rendered":"<p>Con sus 400 km de costa, Camer\u00fan es un lugar privilegiado para actividades junto al mar y deportes acu\u00e1ticos. Un clima templado durante todo el a\u00f1o, playas de arena, pintorescas bah\u00edas, la majestuosidad del oc\u00e9ano: todo contribuye a una estancia inolvidable. Para los entusiastas de la pesca deportiva, las aguas ricas en peces complacer\u00e1n a [&hellip;]<\/p>\n","protected":false},"author":1,"featured_media":0,"parent":0,"menu_order":0,"comment_status":"closed","ping_status":"closed","template":"","meta":{"_et_pb_use_builder":"on","_et_pb_old_content":"","_et_gb_content_width":"","footnotes":""},"class_list":["post-2222","page","type-page","status-publish","hentry"],"_links":{"self":[{"href":"https:\/\/ambacamespagne.com\/web\/en\/wp-json\/wp\/v2\/pages\/2222","targetHints":{"allow":["GET"]}}],"collection":[{"href":"https:\/\/ambacamespagne.com\/web\/en\/wp-json\/wp\/v2\/pages"}],"about":[{"href":"https:\/\/ambacamespagne.com\/web\/en\/wp-json\/wp\/v2\/types\/page"}],"author":[{"embeddable":true,"href":"https:\/\/ambacamespagne.com\/web\/en\/wp-json\/wp\/v2\/users\/1"}],"replies":[{"embeddable":true,"href":"https:\/\/ambacamespagne.com\/web\/en\/wp-json\/wp\/v2\/comments?post=2222"}],"version-history":[{"count":0,"href":"https:\/\/ambacamespagne.com\/web\/en\/wp-json\/wp\/v2\/pages\/2222\/revisions"}],"wp:attachment":[{"href":"https:\/\/ambacamespagne.com\/web\/en\/wp-json\/wp\/v2\/media?parent=2222"}],"curies":[{"name":"wp","href":"https:\/\/api.w.org\/{rel}","templated":true}]}}