{"id":2214,"date":"2022-08-02T08:34:48","date_gmt":"2022-08-02T08:34:48","guid":{"rendered":"https:\/\/ambacamespagne.com\/web\/embajador\/"},"modified":"2023-01-04T15:18:19","modified_gmt":"2023-01-04T15:18:19","slug":"ambassador","status":"publish","type":"page","link":"https:\/\/ambacamespagne.com\/web\/en\/ambassador\/","title":{"rendered":"Ambassador"},"content":{"rendered":"<p>[et_pb_section fb_built=&#8221;1&#8243; _builder_version=&#8221;4.19.0&#8243; _module_preset=&#8221;default&#8221; background_enable_color=&#8221;off&#8221; global_colors_info=&#8221;{}&#8221;][et_pb_row column_structure=&#8221;1_2,1_2&#8243; make_equal=&#8221;on&#8221; _builder_version=&#8221;4.17.6&#8243; _module_preset=&#8221;default&#8221; global_colors_info=&#8221;{}&#8221;][et_pb_column type=&#8221;1_2&#8243; module_class=&#8221;ds-vertical-align&#8221; _builder_version=&#8221;4.17.6&#8243; _module_preset=&#8221;default&#8221; global_colors_info=&#8221;{}&#8221;][et_pb_image src=&#8221;https:\/\/ambacamespagne.com\/web\/wp-content\/uploads\/2022\/08\/Paulin-Godfried-Reliques-YANGA.jpg&#8221; title_text=&#8221;Paulin-Godfried-Reliques-YANGA&#8221; _builder_version=&#8221;4.17.6&#8243; _module_preset=&#8221;default&#8221; global_colors_info=&#8221;{}&#8221;][\/et_pb_image][\/et_pb_column][et_pb_column type=&#8221;1_2&#8243; module_class=&#8221;ds-vertical-align&#8221; _builder_version=&#8221;4.17.6&#8243; _module_preset=&#8221;default&#8221; global_colors_info=&#8221;{}&#8221;][et_pb_text _builder_version=&#8221;4.17.6&#8243; _module_preset=&#8221;default&#8221; text_font_size=&#8221;18px&#8221; text_line_height=&#8221;1.6em&#8221; global_colors_info=&#8221;{}&#8221;]<\/p>\n<p>Su Excelencia <strong>Paulin Godfried Reliques YANGA<\/strong>, Embajador Extraordinario y Plenipotenciario de la Rep\u00fablica de Camer\u00fan en el Reino de Espa\u00f1a<\/p>\n<p>[\/et_pb_text][\/et_pb_column][\/et_pb_row][\/et_pb_section]<\/p>\n","protected":false},"excerpt":{"rendered":"<p>Su Excelencia Paulin Godfried Reliques YANGA, Embajador Extraordinario y Plenipotenciario de la Rep\u00fablica de Camer\u00fan en el Reino de Espa\u00f1a<\/p>\n","protected":false},"author":1,"featured_media":0,"parent":0,"menu_order":0,"comment_status":"closed","ping_status":"closed","template":"","meta":{"_et_pb_use_builder":"on","_et_pb_old_content":"","_et_gb_content_width":"","footnotes":""},"class_list":["post-2214","page","type-page","status-publish","hentry"],"_links":{"self":[{"href":"https:\/\/ambacamespagne.com\/web\/en\/wp-json\/wp\/v2\/pages\/2214","targetHints":{"allow":["GET"]}}],"collection":[{"href":"https:\/\/ambacamespagne.com\/web\/en\/wp-json\/wp\/v2\/pages"}],"about":[{"href":"https:\/\/ambacamespagne.com\/web\/en\/wp-json\/wp\/v2\/types\/page"}],"author":[{"embeddable":true,"href":"https:\/\/ambacamespagne.com\/web\/en\/wp-json\/wp\/v2\/users\/1"}],"replies":[{"embeddable":true,"href":"https:\/\/ambacamespagne.com\/web\/en\/wp-json\/wp\/v2\/comments?post=2214"}],"version-history":[{"count":0,"href":"https:\/\/ambacamespagne.com\/web\/en\/wp-json\/wp\/v2\/pages\/2214\/revisions"}],"wp:attachment":[{"href":"https:\/\/ambacamespagne.com\/web\/en\/wp-json\/wp\/v2\/media?parent=2214"}],"curies":[{"name":"wp","href":"https:\/\/api.w.org\/{rel}","templated":true}]}}